{"id":2327,"date":"2020-07-02T11:00:10","date_gmt":"2020-07-02T09:00:10","guid":{"rendered":"https:\/\/www.eccoholiday.com\/p?page_id=2327"},"modified":"2021-09-17T15:27:59","modified_gmt":"2021-09-17T13:27:59","slug":"bezpieczne-podrozowanie","status":"publish","type":"page","link":"https:\/\/www.eccotravel.eu\/p\/bezpieczne-podrozowanie","title":{"rendered":"Bezpieczne podr\u00f3\u017cowanie &#8211; nowe standardy"},"content":{"rendered":"<link href=\"https:\/\/fonts.googleapis.com\/css2?family=Montserrat:wght@800&#038;display=swap\" rel=\"stylesheet\">\r\n<link rel=\"stylesheet\" href=\"https:\/\/www.eccoholiday.com\/fm\/pliki\/lp-bezpieczne-podrozowanie\/style-bp.css\">\r\n<link rel=\"stylesheet\" href=\"style-bp.css\">\r\n\r\n\r\n\r\n<div id=\"LP-container\">\r\n\r\n    <div class=\"LP_top\"><\/div>\r\n\r\n    <div class=\"blok-tekstowy\">\r\n        <p><strong>Rado\u015b\u0107 z podr\u00f3\u017cowania b\u0119dzie tym wi\u0119ksza, im&nbsp;lepiej si\u0119 do niej przygotujesz.<\/strong>\r\n            Zapoznaj si\u0119 nowymi standardami, a&nbsp;nic Ci\u0119 nie zaskoczy. I&nbsp;pami\u0119taj &#8211; to wszystko w trosce\r\n            o&nbsp;Twoje zdrowie\r\n            i&nbsp;bezpiecze\u0144stwo.<\/p>\r\n\r\n        <p>Sprawd\u017a tak\u017ce <a href=\"https:\/\/www.eccoholiday.com\/p\/aktualne-wytyczne-i-obostrzenia-covid-19\"\r\n                class=\"link\">aktualne wymogi<\/a> dla poszczeg\u00f3lnych kierunk\u00f3w w zwi\u0105zku z COVID-19.<\/p>\r\n\r\n        <hr class=\"lp\">\r\n\r\n        <div class=\"opis-1\">\r\n            <h1><i class=\"fas fa-lg fa-plane-departure\"><\/i> na&nbsp;lotnisku <\/h1>\r\n            <ul class=\"fa-ul\">\r\n                <li><span class=\"fa-li\"><i class=\"fas fa-check\"><\/i><\/span>no\u015b maseczk\u0119<\/li>\r\n                <li><span class=\"fa-li\"><i class=\"fas fa-check\"><\/i><\/span>pami\u0119taj o&nbsp;zachowaniu dystansu\r\n                    spo\u0142ecznego<\/li>\r\n                <li><span class=\"fa-li\"><i class=\"fas fa-check\"><\/i><\/span>dezynfekuj r\u0119ce<\/li>\r\n                <li><span class=\"fa-li\"><i class=\"fas fa-check\"><\/i><\/span>przygotuj si\u0119 na pomiar temperatury<\/li>\r\n                <li><span class=\"fa-li\"><i class=\"fas fa-check\"><\/i><\/span>ogranicz baga\u017c podr\u0119czny<\/li>\r\n                <li><span class=\"fa-li\"><i class=\"fas fa-check\"><\/i><\/span>odpraw si\u0119 online (je\u017celi to mo\u017cliwe)<\/li>\r\n                <li><span class=\"fa-li\"><i class=\"fas fa-check\"><\/i><\/span>wype\u0142nij o\u015bwiadczenie (je\u015bli przewo\u017anik tego\r\n                    wymaga)<\/li>\r\n                <li><span class=\"fa-li\"><i class=\"fas fa-check\"><\/i><\/span>zabierz za\u015bwiadczenie o wykonanym negatywnie\r\n                    te\u015bcie na COVID-19\r\n                    (wa\u017cny 72 h przed wylotem, je\u015bli kraj docelowy wymaga)<\/li>\r\n            <\/ul>\r\n            <h2>Wdro\u017cone \u015brodki bezpiecze\u0144stwa: <\/h2>\r\n            Wszyscy pracownicy lotnisk wyposa\u017ceni s\u0105 w&nbsp;\u015brodki ochrony indywidualnej, terminale posiadaj\u0105 oznaczenia\r\n            u\u0142atwiaj\u0105ce zachowanie dystansu spo\u0142ecznego, odizolowanie pasa\u017cer\u00f3w wylatuj\u0105cych od pasa\u017cer\u00f3w\r\n            przylatuj\u0105cych, dost\u0119p do automat\u00f3w z&nbsp;maseczkami, dost\u0119pne s\u0105 \u015brodki do dezynfekcji, ograniczony dost\u0119p\r\n            do\r\n            cz\u0119\u015bci infrastruktury, przestrzenie publiczne s\u0105 regularnie dezynfekowane, w&nbsp;autobusach mog\u0105\r\n            ograniczenia\r\n            ilo\u015bci pasa\u017cer\u00f3w.\r\n            <h2>Aktualno\u015bci z lotnisk: <\/h2>\r\n\r\n            <a href=\"https:\/\/lotnisko-chopina.pl\/pl\/aktualnosci-i-wydarzenia\/0\/1031\/szczegoly.html\" target=\"_blank\" class=\"link\" rel=\"noopener\">Warszawa<\/a>\r\n            <a href=\"https:\/\/www.modlinairport.pl\/aktualnosc\/test-na-covid-19-na-lotnisku-warszawamodlin\" target=\"_blank\" class=\"link\" rel=\"noopener\">Warszawa &#8211; Modlin<\/a>\r\n            <a href=\"https:\/\/www.krakowairport.pl\/pl\/pasazer\/faq?c=covid-19\" target=\"_blank\" class=\"link\" rel=\"noopener\">Krak\u00f3w<\/a>\r\n            <a href=\"https:\/\/www.katowice-airport.com\/pl\/dla-pasazera\/faq\" target=\"_blank\" class=\"link\" rel=\"noopener\">Katowice<\/a>\r\n            <a href=\"https:\/\/www.airport.gdansk.pl\/informacje-dla-pasazerow\/bezpieczna-podroz-p85.html\" target=\"_blank\" class=\"link\" rel=\"noopener\">Gda\u0144sk<\/a>\r\n            <a href=\"https:\/\/airport.wroclaw.pl\/testy-na-covid-19-na-lotnisku\/\" target=\"_blank\" class=\"link\" rel=\"noopener\">Wroc\u0142aw<\/a>\r\n\r\n\r\n\r\n\r\n\r\n\r\n\r\n\r\n\r\n\r\n\r\n        <\/div>\r\n\r\n        <hr class=\"lp\">\r\n\r\n        <div class=\"opis-2\">\r\n            <h1><i class=\"fas fa-lg fa-plane\"><\/i> w&nbsp;samolocie <\/h1>\r\n            <ul class=\"fa-ul\">\r\n                <li><span class=\"fa-li\"><i class=\"fas fa-check\"><\/i><\/span>no\u015b maseczk\u0119<\/li>\r\n                <li><span class=\"fa-li\"><i class=\"fas fa-check\"><\/i><\/span>dezynfekuj r\u0119ce<\/li>\r\n                <li><span class=\"fa-li\"><i class=\"fas fa-check\"><\/i><\/span>przygotuj si\u0119 na pomiar temperatury<\/li>\r\n                <li><span class=\"fa-li\"><i class=\"fas fa-check\"><\/i><\/span>wype\u0142nij kart\u0119 lokalizacji podr\u00f3\u017cnego\r\n                    i&nbsp;przeka\u017c za\u0142odze<\/li>\r\n                <li><span class=\"fa-li\"><i class=\"fas fa-check\"><\/i><\/span>przygotuj si\u0119 na ograniczenia w&nbsp;serwisie\r\n                    pok\u0142adowym (brak ciep\u0142ych posi\u0142k\u00f3w, napoje i przek\u0105ski serwowane w&nbsp;indywidualnych opakowaniach)\r\n                <\/li>\r\n                <li><span class=\"fa-li\"><i class=\"fas fa-check\"><\/i><\/span>wype\u0142nij o\u015bwiadczenie (je\u015bli przewo\u017anik tego\r\n                    wymaga)<\/li>\r\n                <li><span class=\"fa-li\"><i class=\"fas fa-check\"><\/i><\/span>p\u0142a\u0107 wy\u0142\u0105cznie bezgot\u00f3wkowo<\/li>\r\n            <\/ul>\r\n            <h2>Wdro\u017cone \u015brodki bezpiecze\u0144stwa: <\/h2>\r\n            Personel pok\u0142adowy wyposa\u017cony jest w niezb\u0119dne \u015brodki ochrony osobistej, serwis pok\u0142adowy zosta\u0142\r\n            zmodyfikowany, przydzielanie miejsc z zachowaniem bezpiecznej odleg\u0142o\u015bci na lotach z mniejsz\u0105 ilo\u015bci\u0105\r\n            pasa\u017cer\u00f3w, po wyl\u0105dowaniu opuszczanie samolotu b\u0119dzie odbywa\u0107 si\u0119 stopniowo, samoloty wyposa\u017cone s\u0105\r\n            w&nbsp;filtry\r\n            typu HEPA zapewniaj\u0105ce wysok\u0105 jako\u015b\u0107 powietrza, maszyny s\u0105 dezynfekowane specjalnymi \u015brodkami biob\u00f3jczymi.\r\n            <p style=\"margin-top:1em\">\r\n                Zgodnie z wytycznymi IATA stosowane s\u0105 te\u017c szczeg\u00f3\u0142owe instrukcje odno\u015bcie cyrkulacji powietrza na\r\n                pok\u0142adach samolot\u00f3w.\r\n                Po\u0142owa powietrza w kabinie sk\u0142ada si\u0119 ze \u015bwie\u017co dostarczonego powietrza zewn\u0119trznego (ca\u0142kowita wymiana\r\n                w ci\u0105gu 3 minut),\r\n                oraz po\u0142ow\u0119 powietrza recyrkulacyjnego (ca\u0142kowita wymiana w ci\u0105gu 2 do 3 minut). Powietrze jest\r\n                pompowane z pr\u0119dko\u015bci\u0105 1 m\/s\r\n                przez sufit do kabiny i pod siedzeniami od strony okna. W ten spos\u00f3b, poziome przep\u0142ywy powietrza s\u0105\r\n                zminimalizowane.\r\n                W ten spos\u00f3b tworz\u0105 si\u0119 pionowe kurtyny powietrzne, kt\u00f3re minimalizuj\u0105 poziome przep\u0142ywy powietrza.\r\n                Obecnie klimatyzacja\r\n                dzia\u0142a zawsze, gdy pasa\u017cerowie s\u0105 na pok\u0142adzie &#8211; nawet podczas postoju na p\u0142ycie lotniska.<\/p>\r\n        <\/div>\r\n\r\n        <hr class=\"lp\">\r\n\r\n        <div class=\"opis-3\">\r\n            <h1><i class=\"fas fa-lg fa-hotel\"><\/i> w&nbsp;hotelu <\/h1>\r\n            <ul class=\"fa-ul\">\r\n                <li><span class=\"fa-li\"><i class=\"fas fa-check\"><\/i><\/span>pami\u0119taj o zachowaniu dystansu spo\u0142ecznego\r\n                    w&nbsp;miejscach publicznych<\/li>\r\n                <li><span class=\"fa-li\"><i class=\"fas fa-check\"><\/i><\/span>przygotuj si\u0119 na zmniejszenie ilo\u015bci stolik\u00f3w\r\n                    w restauracjach<\/li>\r\n                <li><span class=\"fa-li\"><i class=\"fas fa-check\"><\/i><\/span>zwr\u00f3\u0107 uwag\u0119 na godziny dost\u0119pno\u015bci\r\n                    restauracji i bar\u00f3w<\/li>\r\n                <li><span class=\"fa-li\"><i class=\"fas fa-check\"><\/i><\/span>dost\u0119p do niekt\u00f3rych \u015bwiadcze\u0144 (basen, SPA,\r\n                    mini club, animacje, itp.) mo\u017ce by\u0107 niemo\u017cliwy lub ograniczony<\/li>\r\n                <li><span class=\"fa-li\"><i class=\"fas fa-check\"><\/i><\/span>w hotelach b\u0119d\u0105 instalowane dozowniki\r\n                    z&nbsp;p\u0142ynami dezynfekuj\u0105cymi w&nbsp;okre\u015blonych miejscach<\/li>\r\n            <\/ul>\r\n            <h2>Wdro\u017cone \u015brodki bezpiecze\u0144stwa: <\/h2>\r\n            W zale\u017cno\u015bci od wymaga\u0144 w danym kraju: bardziej rygorystyczne normy sprz\u0105tania pokoi, dok\u0142adnie\r\n            dezynfekowane pokoju przy ka\u017cdym Kliencie, wietrzenie i&nbsp;dezynfekcja stref i&nbsp;pomieszcze\u0144 wsp\u00f3lnych,\r\n            pracownicy wyposa\u017ceni w \u015brodki ochrony indywidualnej, ograniczona mo\u017cliwo\u015b\u0107 samoobs\u0142ugowego korzystania\r\n            z&nbsp;restauracji podczas posi\u0142k\u00f3w, udost\u0119pnienie dozownik\u00f3w z p\u0142ynami antybakteryjnymi, zmniejszenie\r\n            ob\u0142o\u017cenia\r\n            restauracji i&nbsp;bar\u00f3w, ograniczona samoobs\u0142uga w restauracjach i&nbsp;barach, obj\u0119cie kontrol\u0105 przez\r\n            lokalne\r\n            kom\u00f3rki rz\u0105dowe.\r\n        <\/div>\r\n\r\n        <hr class=\"lp\">\r\n\r\n        <div class=\"opis-4\">\r\n            <h1><img decoding=\"async\" src=\"https:\/\/www.eccoholiday.com\/fm\/pliki\/lp-bezpieczne-podrozowanie\/eu-flag.png\" alt=\"\">\r\n                w&nbsp;unii europejskiej <\/h1>\r\n            <ul class=\"fa-ul\">\r\n                <li><span class=\"fa-li\"><i class=\"fas fa-check\"><\/i><\/span>kliknij i sprawd\u017a, jakie s\u0105 wymagania\r\n                    w&nbsp;poszczeg\u00f3lnych krajach:\r\n                    <br><a href=\"https:\/\/reopen.europa.eu\/pl\" target=\"_blank\" rel=\"noopener\">https:\/\/reopen.europa.eu\/pl<\/a>\r\n                <\/li>\r\n\r\n            <\/ul>\r\n        <\/div>\r\n\r\n    <\/div>\r\n\r\n\r\n\r\n<\/div>","protected":false},"excerpt":{"rendered":"Rado\u015b\u0107 z podr\u00f3\u017cowania b\u0119dzie tym wi\u0119ksza, im&nbsp;lepiej si\u0119 do niej przygotujesz. Zapoznaj si\u0119 nowymi standardami, a&nbsp;nic Ci\u0119 nie zaskoczy. I&nbsp;pami\u0119taj &#8211; to wszystko w trosce o&nbsp;Twoje zdrowie i&nbsp;bezpiecze\u0144stwo. Sprawd\u017a tak\u017ce aktualne wymogi dla poszczeg\u00f3lnych kierunk\u00f3w w zwi\u0105zku z COVID-19. na&nbsp;lotnisku no\u015b maseczk\u0119 pami\u0119taj o&nbsp;zachowaniu dystansu spo\u0142ecznego dezynfekuj r\u0119ce przygotuj si\u0119 na pomiar temperatury ogranicz baga\u017c [&hellip;]","protected":false},"author":4,"featured_media":0,"parent":0,"menu_order":0,"comment_status":"closed","ping_status":"closed","template":"","meta":{"_acf_changed":false,"footnotes":""},"wf_page_folders":[4],"class_list":["post-2327","page","type-page","status-publish","hentry"],"acf":[],"_links":{"self":[{"href":"https:\/\/www.eccotravel.eu\/p\/wp-json\/wp\/v2\/pages\/2327","targetHints":{"allow":["GET"]}}],"collection":[{"href":"https:\/\/www.eccotravel.eu\/p\/wp-json\/wp\/v2\/pages"}],"about":[{"href":"https:\/\/www.eccotravel.eu\/p\/wp-json\/wp\/v2\/types\/page"}],"author":[{"embeddable":true,"href":"https:\/\/www.eccotravel.eu\/p\/wp-json\/wp\/v2\/users\/4"}],"replies":[{"embeddable":true,"href":"https:\/\/www.eccotravel.eu\/p\/wp-json\/wp\/v2\/comments?post=2327"}],"version-history":[{"count":17,"href":"https:\/\/www.eccotravel.eu\/p\/wp-json\/wp\/v2\/pages\/2327\/revisions"}],"predecessor-version":[{"id":4951,"href":"https:\/\/www.eccotravel.eu\/p\/wp-json\/wp\/v2\/pages\/2327\/revisions\/4951"}],"wp:attachment":[{"href":"https:\/\/www.eccotravel.eu\/p\/wp-json\/wp\/v2\/media?parent=2327"}],"wp:term":[{"taxonomy":"wf_page_folders","embeddable":true,"href":"https:\/\/www.eccotravel.eu\/p\/wp-json\/wp\/v2\/wf_page_folders?post=2327"}],"curies":[{"name":"wp","href":"https:\/\/api.w.org\/{rel}","templated":true}]}}