{"id":3247,"date":"2021-06-11T14:11:27","date_gmt":"2021-06-11T12:11:27","guid":{"rendered":"https:\/\/www.eccoholiday.com\/p?page_id=3247"},"modified":"2023-02-13T11:51:59","modified_gmt":"2023-02-13T10:51:59","slug":"wyloty-z-twojego-miasta","status":"publish","type":"page","link":"https:\/\/www.eccotravel.eu\/p\/wyloty-z-twojego-miasta","title":{"rendered":"Wyloty z Twojego miasta"},"content":{"rendered":"\r\n\r\n\r\n\r\n\r\n\r\n\r\n\r\n\r\n\r\n\r\n\r\n\r\n\r\n\r\n\r\n\r\n\r\n<link rel=\"stylesheet\" href=\"https:\/\/www.eccoholiday.com\/fm\/pliki\/lp-lotniska\/styles.min.css?=1775642628\">\r\n\r\n\r\n    \r\n<div class=\"lp-container\">\r\n\r\n    <div class=\"lp-top\">\r\n        <div class=\"ovrly\"><\/div>\r\n        <div class=\"icon\"><\/div>\r\n        <h1 class=\"slogan\">Wyloty <strong>z&nbsp;Twojego&nbsp;<\/strong>miasta<\/h1>\r\n        <p>Skr\u00f3\u0107 swoj\u0105 drog\u0105 na wakacje!<\/p>\r\n    <\/div>\r\n\r\n    <div class=\"lp-content\">\r\n       \r\n\t\t\r\n\t\t<div id=\"lp-airports\" class=\"container\">\r\n       \r\n            <div class=\"airports-map mt-2\">\r\n    \r\n                <a href=\"\" class=\"airport airport-bydgoszcz txt-top offer-not-exists\" target=\"_blank\" rel=\"noopener\" title=\"Zobacz oferty z wylotem z Bydgoszczy\" airport=\"\">\r\n                    <div class=\"txt\">\r\n                        <div class=\"city\">Bydgoszcz<\/div>\r\n                        <div class=\"price\"><\/div>\r\n                    <\/div>\r\n                    <i class=\"icon\"><\/i>\r\n                <\/a>\r\n\r\n                <a href=\"\/l,,Gda\u0144sk\" class=\"airport airport-gdansk txt-left offer-exists\" target=\"_blank\" rel=\"noopener\" title=\"Zobacz oferty z wylotem z Gda\u0144ska\" airport=\"Gda\u0144sk\">\r\n                    <div class=\"txt\">\r\n                        <div class=\"city\">Gda\u0144sk<\/div>\r\n                        <div class=\"price\">668<\/div>\r\n                    <\/div>\r\n                    <i class=\"icon\"><\/i>\r\n                <\/a>\r\n\r\n                <a href=\"\/l,,Katowice\" class=\"airport airport-katowice txt-top offer-exists\" target=\"_blank\" rel=\"noopener\" title=\"Zobacz oferty z wylotem z Katowic\" airport=\"Katowice\">\r\n                    <div class=\"txt\">\r\n                        <div class=\"city\">Katowice<\/div>\r\n                        <div class=\"price\">775<\/div>\r\n                    <\/div>\r\n                    <i class=\"icon\"><\/i>\r\n                <\/a>\r\n\r\n                <a href=\"\/l,,Krak\u00f3w\" class=\"airport airport-krakow txt-top offer-exists\" target=\"_blank\" rel=\"noopener\" title=\"Zobacz oferty z wylotem z Krakowa\" airport=\"Krak\u00f3w\">\r\n                    <div class=\"txt\">\r\n                        <div class=\"city\">Krak\u00f3w<\/div>\r\n                        <div class=\"price\">701<\/div>\r\n                    <\/div>\r\n                    <i class=\"icon\"><\/i>\r\n                <\/a>\r\n    \r\n                <a href=\"\/l,,Lublin\" class=\"airport airport-lublin txt-top offer-exists\" target=\"_blank\" rel=\"noopener\" title=\"Zobacz oferty z wylotem z Lublina\" airport=\"Lublin\">\r\n                    <div class=\"txt\">\r\n                        <div class=\"city\">Lublin<\/div>\r\n                        <div class=\"price\">1278<\/div>\r\n                    <\/div>\r\n                    <i class=\"icon\"><\/i>\r\n                <\/a>\r\n    \r\n                <a href=\"\/l,,\u0141\u00f3d\u017a\" class=\"airport airport-lodz txt-top offer-exists\" target=\"_blank\" rel=\"noopener\" title=\"Zobacz oferty z wylotem z \u0141odzi\" airport=\"\u0141\u00f3d\u017a\">\r\n                    <div class=\"txt\">\r\n                        <div class=\"city\">\u0141\u00f3d\u017a<\/div>\r\n                        <div class=\"price\">1345<\/div>\r\n                    <\/div>\r\n                    <i class=\"icon\"><\/i>\r\n                <\/a>\r\n\r\n                <a href=\"\/l,,Warszawa+-+Modlin\" class=\"airport airport-modlin txt-top offer-exists\" target=\"_blank\" rel=\"noopener\" title=\"Zobacz oferty z wylotem z Modlina\" airport=\"Warszawa - Modlin\">\r\n                    <div class=\"txt\">\r\n                        <div class=\"city\">Warszawa-Modlin<\/div>\r\n                        <div class=\"price\">526<\/div>\r\n                    <\/div>\r\n                    <i class=\"icon\"><\/i>\r\n                <\/a>\r\n\r\n                <a href=\"\" class=\"airport airport-olsztyn txt-top offer-not-exists\" target=\"_blank\" rel=\"noopener\" title=\"Zobacz oferty z wylotem z Olsztyna\" airport=\"\">\r\n                    <div class=\"txt\">\r\n                        <div class=\"city\">Olsztyn<\/div>\r\n                        <div class=\"price\"><\/div>\r\n                    <\/div>\r\n                    <i class=\"icon\"><\/i>\r\n                <\/a>\r\n        \r\n                <a href=\"\/l,,Pozna\u0144\" class=\"airport airport-poznan txt-top offer-exists\" target=\"_blank\" rel=\"noopener\" title=\"Zobacz oferty z wylotem z Poznania\" airport=\"Pozna\u0144\">\r\n                    <div class=\"txt\">\r\n                        <div class=\"city\">Pozna\u0144<\/div>\r\n                        <div class=\"price\">810<\/div>\r\n                    <\/div>\r\n                    <i class=\"icon\"><\/i>\r\n                <\/a>\r\n\r\n                <a href=\"\/l,,Warszawa+-+Radom\" class=\"airport airport-radom txt-top offer-exists\" target=\"_blank\" rel=\"noopener\" title=\"Zobacz oferty z wylotem z Radomia\" airport=\"Warszawa - Radom\">\r\n                    <div class=\"txt\">\r\n                        <div class=\"city\">Radom<\/div>\r\n                        <div class=\"price\">1074<\/div>\r\n                    <\/div>\r\n                    <i class=\"icon\"><\/i>\r\n                <\/a>\r\n\r\n                <a href=\"\/l,,Rzesz\u00f3w\" class=\"airport airport-rzeszow txt-top offer-exists\" target=\"_blank\" rel=\"noopener\" title=\"Zobacz oferty z wylotem z Rzeszowa\" airport=\"Rzesz\u00f3w\">\r\n                    <div class=\"txt\">\r\n                        <div class=\"city\">Rzesz\u00f3w<\/div>\r\n                        <div class=\"price\">1081<\/div>\r\n                    <\/div>\r\n                    <i class=\"icon\"><\/i>\r\n                <\/a>\r\n                    \r\n                <a href=\"\" class=\"airport airport-szczecin txt-right offer-not-exists\" target=\"_blank\" rel=\"noopener\" title=\"Zobacz oferty z wylotem ze Szczecina\" airport=\"\">\r\n                    <div class=\"txt\">\r\n                        <div class=\"city\">Szczecin<\/div>\r\n                        <div class=\"price\"><\/div>\r\n                    <\/div>\r\n                    <i class=\"icon\"><\/i>\r\n                <\/a>\r\n\r\n                <a href=\"\/l,,Warszawa\" class=\"airport airport-warszawa txt-right offer-exists\" target=\"_blank\" rel=\"noopener\" title=\"Zobacz oferty z wylotem z Warszawy\" airport=\"Warszawa\">\r\n                    <div class=\"txt\">\r\n                        <div class=\"city\">Warszawa<\/div>\r\n                        <div class=\"price\">651<\/div>\r\n                    <\/div>\r\n                    <i class=\"icon\"><\/i>\r\n                <\/a>\r\n    \r\n                <a href=\"\/l,,Wroc\u0142aw\" class=\"airport airport-wroclaw txt-top offer-exists\" target=\"_blank\" rel=\"noopener\" title=\"Zobacz oferty z wylotem z Wroc\u0142awia\" airport=\"Wroc\u0142aw\">\r\n                    <div class=\"txt\">\r\n                        <div class=\"city\">Wroc\u0142aw<\/div>\r\n                        <div class=\"price\">651<\/div>\r\n                    <\/div>\r\n                    <i class=\"icon\"><\/i>\r\n                <\/a>\r\n    \r\n                <a href=\"\" class=\"airport airport-zielona-gora txt-top offer-not-exists\" target=\"_blank\" rel=\"noopener\" title=\"Zobacz oferty z wylotem z Zielonej G\u00f3ry\" airport=\"\">\r\n                    <div class=\"txt\">\r\n                        <div class=\"city\">Zielona G\u00f3ra<\/div>\r\n                        <div class=\"price\"><\/div>\r\n                    <\/div>\r\n                    <i class=\"icon\"><\/i>\r\n                <\/a>\r\n\r\n                <a href=\"\/l,,Berlin\" class=\"airport airport-outside airport-berlin txt-top offer-exists\" target=\"_blank\" rel=\"noopener\" title=\"Zobacz oferty z wylotem z Berlina\" airport=\"Berlin\">\r\n                    <div class=\"txt\">\r\n                        <div class=\"city\">Berlin<\/div>\r\n                        <div class=\"price\">928<\/div>\r\n                    <\/div>\r\n                    <i class=\"icon icon-berlin\"><\/i>\r\n                <\/a>\r\n\r\n                \r\n            <\/div>\r\n\t\t\r\n\t\t\r\n\t\t\r\n        <div class=\"airports-list\">\r\n            \r\n            \r\n            \r\n            <a id=\"udds.1\" href=\"\" class=\"airport-sm offer-not-exists\" target=\"_blank\" title=\"\" airport=\"\" rel=\"noopener\"> <span><\/span><\/a>\r\n            \r\n            <a id=\"udds.2\" href=\"\/l,,Gda\u0144sk\" class=\"airport-sm offer-exists\" target=\"_blank\" title=\"Gda\u0144sk\" airport=\"\/l,,Gda\u0144sk\" rel=\"noopener\">Gda\u0144sk <span>668<\/span><\/a>\r\n            \r\n            <a id=\"udds.3\" href=\"\/l,,Katowice\" class=\"airport-sm offer-exists\" target=\"_blank\" title=\"Katowice\" airport=\"\/l,,Katowice\" rel=\"noopener\">Katowice <span>775<\/span><\/a>\r\n            \r\n            <a id=\"udds.4\" href=\"\/l,,Krak\u00f3w\" class=\"airport-sm offer-exists\" target=\"_blank\" title=\"Krak\u00f3w\" airport=\"\/l,,Krak\u00f3w\" rel=\"noopener\">Krak\u00f3w <span>701<\/span><\/a>\r\n            \r\n            <a id=\"udds.5\" href=\"\/l,,Lublin\" class=\"airport-sm offer-exists\" target=\"_blank\" title=\"Lublin\" airport=\"\/l,,Lublin\" rel=\"noopener\">Lublin <span>1278<\/span><\/a>\r\n            \r\n            <a id=\"udds.6\" href=\"\/l,,\u0141\u00f3d\u017a\" class=\"airport-sm offer-exists\" target=\"_blank\" title=\"\u0141\u00f3d\u017a\" airport=\"\/l,,\u0141\u00f3d\u017a\" rel=\"noopener\">\u0141\u00f3d\u017a <span>1345<\/span><\/a>\r\n            \r\n            <a id=\"udds.7\" href=\"\/l,,Warszawa+-+Modlin\" class=\"airport-sm offer-exists\" target=\"_blank\" title=\"Warszawa - Modlin\" airport=\"\/l,,Warszawa+-+Modlin\" rel=\"noopener\">Warszawa - Modlin <span>526<\/span><\/a>\r\n            \r\n            <a id=\"udds.8\" href=\"\" class=\"airport-sm offer-not-exists\" target=\"_blank\" title=\"\" airport=\"\" rel=\"noopener\"> <span><\/span><\/a>\r\n            \r\n            <a id=\"udds.9\" href=\"\/l,,Pozna\u0144\" class=\"airport-sm offer-exists\" target=\"_blank\" title=\"Pozna\u0144\" airport=\"\/l,,Pozna\u0144\" rel=\"noopener\">Pozna\u0144 <span>810<\/span><\/a>\r\n            \r\n            <a id=\"udds.10\" href=\"\/l,,Warszawa+-+Radom\" class=\"airport-sm offer-exists\" target=\"_blank\" title=\"Warszawa - Radom\" airport=\"\/l,,Warszawa+-+Radom\" rel=\"noopener\">Warszawa - Radom <span>1074<\/span><\/a>\r\n            \r\n            <a id=\"udds.11\" href=\"\/l,,Rzesz\u00f3w\" class=\"airport-sm offer-exists\" target=\"_blank\" title=\"Rzesz\u00f3w\" airport=\"\/l,,Rzesz\u00f3w\" rel=\"noopener\">Rzesz\u00f3w <span>1081<\/span><\/a>\r\n            \r\n            <a id=\"udds.12\" href=\"\" class=\"airport-sm offer-not-exists\" target=\"_blank\" title=\"\" airport=\"\" rel=\"noopener\"> <span><\/span><\/a>\r\n            \r\n            <a id=\"udds.13\" href=\"\/l,,Warszawa\" class=\"airport-sm offer-exists\" target=\"_blank\" title=\"Warszawa\" airport=\"\/l,,Warszawa\" rel=\"noopener\">Warszawa <span>651<\/span><\/a>\r\n            \r\n            <a id=\"udds.14\" href=\"\/l,,Wroc\u0142aw\" class=\"airport-sm offer-exists\" target=\"_blank\" title=\"Wroc\u0142aw\" airport=\"\/l,,Wroc\u0142aw\" rel=\"noopener\">Wroc\u0142aw <span>651<\/span><\/a>\r\n            \r\n            <a id=\"udds.15\" href=\"\" class=\"airport-sm offer-not-exists\" target=\"_blank\" title=\"\" airport=\"\" rel=\"noopener\"> <span><\/span><\/a>\r\n            \r\n            <a id=\"udds.berlin\" href=\"\/l,,Berlin\" class=\"airport-sm offer-exists\" target=\"_blank\" title=\"Berlin\" airport=\"\/l,,Berlin\" rel=\"noopener\">Berlin <span>928<\/span><\/a>\r\n            \r\n            \r\n            \r\n\r\n            <a href=\"\/l,,Berlin\" class=\"airport-sm offer-exists\" target=\"_blank\" title=\"Berlin\" style=\"opacity: .65\" rel=\"noopener\">Berlin <span>928<\/span><\/a>\r\n\t\t   \r\n\t\t   \r\n        <\/div>\r\n\r\n\r\n        <div class=\"newsletter mt-5\">\r\n            <img decoding=\"async\" src=\"https:\/\/www.eccoholiday.com\/fm\/pliki\/lp-deluxe\/img\/bell-eh.svg\" alt=\"\">\r\n            <p>Zam\u00f3w przypomnienie o&nbsp;naszych promocjach<\/p>\r\n            <a href=\"\/index.php?module=dialogs&#038;dialogsTemplate=newsletter\/add&#038;extParams=\">Zapisz si\u0119 na nasz newsletter<\/a>\r\n        <\/div>\r\n    <\/div>\r\n\r\n<\/div>\r\n\r\n","protected":false},"excerpt":{"rendered":"Wyloty z&nbsp;Twojego&nbsp;miasta Skr\u00f3\u0107 swoj\u0105 drog\u0105 na wakacje! Bydgoszcz Gda\u0144sk 668 Katowice 775 Krak\u00f3w 701 Lublin 1278 \u0141\u00f3d\u017a 1345 Warszawa-Modlin 526 Olsztyn Pozna\u0144 810 Radom 1074 Rzesz\u00f3w 1081 Szczecin Warszawa 651 Wroc\u0142aw 651 Zielona G\u00f3ra Berlin 928 Gda\u0144sk 668 Katowice 775 Krak\u00f3w 701 Lublin 1278 \u0141\u00f3d\u017a 1345 Warszawa &#8211; Modlin 526 Pozna\u0144 810 Warszawa &#8211; Radom [&hellip;]","protected":false},"author":4,"featured_media":0,"parent":0,"menu_order":0,"comment_status":"closed","ping_status":"closed","template":"","meta":{"_acf_changed":false,"footnotes":""},"wf_page_folders":[5],"class_list":["post-3247","page","type-page","status-publish","hentry"],"acf":[],"_links":{"self":[{"href":"https:\/\/www.eccotravel.eu\/p\/wp-json\/wp\/v2\/pages\/3247","targetHints":{"allow":["GET"]}}],"collection":[{"href":"https:\/\/www.eccotravel.eu\/p\/wp-json\/wp\/v2\/pages"}],"about":[{"href":"https:\/\/www.eccotravel.eu\/p\/wp-json\/wp\/v2\/types\/page"}],"author":[{"embeddable":true,"href":"https:\/\/www.eccotravel.eu\/p\/wp-json\/wp\/v2\/users\/4"}],"replies":[{"embeddable":true,"href":"https:\/\/www.eccotravel.eu\/p\/wp-json\/wp\/v2\/comments?post=3247"}],"version-history":[{"count":24,"href":"https:\/\/www.eccotravel.eu\/p\/wp-json\/wp\/v2\/pages\/3247\/revisions"}],"predecessor-version":[{"id":7109,"href":"https:\/\/www.eccotravel.eu\/p\/wp-json\/wp\/v2\/pages\/3247\/revisions\/7109"}],"wp:attachment":[{"href":"https:\/\/www.eccotravel.eu\/p\/wp-json\/wp\/v2\/media?parent=3247"}],"wp:term":[{"taxonomy":"wf_page_folders","embeddable":true,"href":"https:\/\/www.eccotravel.eu\/p\/wp-json\/wp\/v2\/wf_page_folders?post=3247"}],"curies":[{"name":"wp","href":"https:\/\/api.w.org\/{rel}","templated":true}]}}