{"id":39,"date":"2019-10-31T13:13:29","date_gmt":"2019-10-31T12:13:29","guid":{"rendered":"https:\/\/beta.eccoholiday.pl\/p\/?page_id=39"},"modified":"2026-02-18T11:37:58","modified_gmt":"2026-02-18T10:37:58","slug":"o-nas","status":"publish","type":"page","link":"https:\/\/www.eccotravel.eu\/p\/o-nas","title":{"rendered":"O nas"},"content":{"rendered":"<div style=\"max-width:550px\">\r\n<p>Ecco&nbsp;Holiday Sp. z o.o. jest touroperatorem wpisanym do Rejestru Organizator\u00f3w Turystyki i&nbsp;Po\u015brednik\u00f3w Turystycznych Marsza\u0142ka Wojew\u00f3dztwa Wielkopolskiego pod numerem 286z. Od 2002 roku zajmujemy si\u0119 organizacj\u0105 wakacji zagranicznych na najpi\u0119kniejszych pla\u017cach mi\u0119dzy innymi Grecji, Hiszpanii, Bu\u0142garii, Malty i&nbsp;Cypru. W&nbsp;naszej ofercie znale\u017a\u0107 mo\u017cna tak\u017ce propozycje na&nbsp;urlop w Polsce w&nbsp;o\u015brodkach po\u0142o\u017conych w g\u00f3rach i&nbsp;nad morzem. Pod mark\u0105 Ecco&nbsp;Travel oferujemy programy objazdowe m.in. w&nbsp;Chinach, Japonii, Tajlandii, Indiach, Emiratach Arabskich, Meksyku i&nbsp;na&nbsp;Kubie.<\/p>\r\n<p>Mo\u017cna nas znale\u017a\u0107 w&nbsp;<b>Centralnej Ewidencji Organizator\u00f3w Turystyki i&nbsp;Po\u015brednik\u00f3w Turystycznych (CEOTiPT)<\/b> Ministerstwa Sportu i&nbsp;Turystyki, wpisuj\u0105c nazw\u0119 firmy w <a href=\"https:\/\/ewidencja.ufg.pl\/webcenter\/portal\/ewidencja\" target=\"_blank\" rel=\"nofollow noopener noreferrer\">formularzu<\/a>. Jeste\u015bmy cz\u0142onkiem Polskiej Izby Turystyki &#8211; og\u00f3lnopolskiej organizacji samorz\u0105du gospodarczego przemys\u0142u turystycznego (<a href=\"https:\/\/s.ecc.ovh\/assets\/doc\/certyfikat_pit_2026.pdf\" target=\"_blank\" rel=\"noopener\">Certyfikat PIT<\/a>) oraz Wielkopolskiej Izby Turystycznej (<a href=\"https:\/\/s.ecc.ovh\/assets\/doc\/certyfikat_wit_2026.pdf\" target=\"_blank\" rel=\"noopener\">Certyfikat WIT<\/a>).<\/p>\r\n<p>Jeste\u015bmy siln\u0105 i&nbsp;stabiln\u0105 polsk\u0105 sp\u00f3\u0142k\u0105. Bierzemy udzia\u0142 w programie Transparentny Touroperator i&nbsp;udost\u0119pniamy dane finansowe. Posiadamy jeden z najwy\u017cszych rating\u00f3w AA+ i&nbsp;zajmujemy wysokie pozycje w&nbsp;rankingu najwi\u0119kszych polskich organizator\u00f3w turystyki, dzi\u0119ki czemu jeste\u015bmy uznani za&nbsp;jedno z&nbsp;najbezpieczniejszych biur podr\u00f3\u017cy w&nbsp;Polsce.<\/p>\r\n<p>Jeste\u015bmy zespo\u0142em m\u0142odych ludzi, dla kt\u00f3rych Ecco Holiday jest po\u0142\u0105czeniem pracy i&nbsp;pasji, jak\u0105 jest podr\u00f3\u017cowanie. Dzi\u0119ki temu posiadamy praktyczn\u0105 wiedz\u0119 w&nbsp;zakresie organizacji wakacji pobytowych i&nbsp;program\u00f3w objazdowych. Nasze do\u015bwiadczenie i&nbsp;kontakty z&nbsp;kontrahentami na&nbsp;wielu kontynentach umo\u017cliwiaj\u0105 nam wprowadzenie do&nbsp;oferty wyjazd\u00f3w niemal do&nbsp;ka\u017cdego miejsca na&nbsp;Ziemi. Ka\u017cdego dnia kilkadziesi\u0105t os\u00f3b pracuje na tym, aby kto\u015b inny w&nbsp;tym samym czasie m\u00f3g\u0142 spokojnie wypoczywa\u0107 i&nbsp;zwiedza\u0107 \u015bwiat. Daje nam to wielk\u0105 satysfakcj\u0119, ale wi\u0105\u017ce si\u0119 te\u017c z&nbsp;ogromn\u0105 odpowiedzialno\u015bci\u0105, bo&nbsp;wakacje \u017cyj\u0105 we&nbsp;wspomnieniach o&nbsp;wiele d\u0142u\u017cej ni\u017c 7&nbsp;dni.<\/p>\r\n<p>Kierunki i&nbsp;cele naszych dzia\u0142a\u0144 wytycza i&nbsp;nad wszystkim czuwa Zarz\u0105d Ecco&nbsp;Holiday, w&nbsp;kt\u00f3rego sk\u0142ad wchodz\u0105:<\/p>\r\n<p><b>Pani Karolina Warzybok<\/b> &#8211; Prezes Zarz\u0105du<br><b>Pan Grzegorz P\u0142\u00f3karz<\/b> &#8211; Wiceprezes Zarz\u0105du<\/p>\r\n<\/div>","protected":false},"excerpt":{"rendered":"Ecco&nbsp;Holiday Sp. z o.o. jest touroperatorem wpisanym do Rejestru Organizator\u00f3w Turystyki i&nbsp;Po\u015brednik\u00f3w Turystycznych Marsza\u0142ka Wojew\u00f3dztwa Wielkopolskiego pod numerem 286z. Od 2002 roku zajmujemy si\u0119 organizacj\u0105 wakacji zagranicznych na najpi\u0119kniejszych pla\u017cach mi\u0119dzy innymi Grecji, Hiszpanii, Bu\u0142garii, Malty i&nbsp;Cypru. W&nbsp;naszej ofercie znale\u017a\u0107 mo\u017cna tak\u017ce propozycje na&nbsp;urlop w Polsce w&nbsp;o\u015brodkach po\u0142o\u017conych w g\u00f3rach i&nbsp;nad morzem. Pod mark\u0105 Ecco&nbsp;Travel [&hellip;]","protected":false},"author":1,"featured_media":0,"parent":0,"menu_order":1,"comment_status":"closed","ping_status":"closed","template":"","meta":{"_acf_changed":false,"footnotes":""},"wf_page_folders":[4],"class_list":["post-39","page","type-page","status-publish","hentry"],"acf":[],"_links":{"self":[{"href":"https:\/\/www.eccotravel.eu\/p\/wp-json\/wp\/v2\/pages\/39","targetHints":{"allow":["GET"]}}],"collection":[{"href":"https:\/\/www.eccotravel.eu\/p\/wp-json\/wp\/v2\/pages"}],"about":[{"href":"https:\/\/www.eccotravel.eu\/p\/wp-json\/wp\/v2\/types\/page"}],"author":[{"embeddable":true,"href":"https:\/\/www.eccotravel.eu\/p\/wp-json\/wp\/v2\/users\/1"}],"replies":[{"embeddable":true,"href":"https:\/\/www.eccotravel.eu\/p\/wp-json\/wp\/v2\/comments?post=39"}],"version-history":[{"count":33,"href":"https:\/\/www.eccotravel.eu\/p\/wp-json\/wp\/v2\/pages\/39\/revisions"}],"predecessor-version":[{"id":10782,"href":"https:\/\/www.eccotravel.eu\/p\/wp-json\/wp\/v2\/pages\/39\/revisions\/10782"}],"wp:attachment":[{"href":"https:\/\/www.eccotravel.eu\/p\/wp-json\/wp\/v2\/media?parent=39"}],"wp:term":[{"taxonomy":"wf_page_folders","embeddable":true,"href":"https:\/\/www.eccotravel.eu\/p\/wp-json\/wp\/v2\/wf_page_folders?post=39"}],"curies":[{"name":"wp","href":"https:\/\/api.w.org\/{rel}","templated":true}]}}