{"id":416,"date":"2019-12-10T13:52:14","date_gmt":"2019-12-10T12:52:14","guid":{"rendered":"https:\/\/beta.eccoholiday.pl\/p?page_id=416"},"modified":"2023-06-02T08:43:05","modified_gmt":"2023-06-02T06:43:05","slug":"obsluga-agenta","status":"publish","type":"page","link":"https:\/\/www.eccotravel.eu\/p\/obsluga-agenta","title":{"rendered":"Obs\u0142uga agenta"},"content":{"rendered":"<style>\r\n\tmain .box{border:1px solid #d3d3d3}\r\n\tmain .box h1{color:#004a82;font-size:1.3em;font-weight:600}\r\n\tmain .box h3{font-size:2em;font-weight:400}\r\n\tmain .box .fas{min-width:16px}\r\n\tmain .box .line{color:#696969}\r\n\tmain .box .line b{color:#000}\r\n\tmain .box .line p{display:inline-block}\r\n\t#mapImg{width:100%}\r\n\t#mapRegions{cursor:pointer}\r\n\t#pos .results .item{border-bottom:1px dotted #ccc;line-height:0}\r\n\t#pos .results .item h4{color:#004a82;margin-bottom:1em}\r\n\t#pos .results .item p{display:contents;line-height:normal}\r\n<\/style>\r\n<div class=\"container\">\r\n\t<div class=\"row mb-3 p-3 box\">\r\n\t\t<div class=\"col-md-12 p-0\">\r\n\t\t\t<h1>Infolinia agencyjna<\/h1>\r\n\t\t\t<div class=\"inner text-center\">\r\n\t\t\t\t<h3><a href=\"tel:616785300\" title=\"Zadzwo\u0144 do nas\">61 6785 310<\/a><\/h3>\r\n\t\t\t\t<p>Poniedzia\u0142ek &#8211; Pi\u0105tek: 9:00 &#8211; 20:00<br\/>Sobota &#8211; Niedziela: 10:00 &#8211; 18:00<\/p>\r\n\t\t\t\t<h4><a href=\"mailto:agent@eccoholiday.com\" title=\"Napisz do nas\">agent@eccoholiday.com<\/a><\/h4>\r\n\t\t\t\t<small class=\"float-right\">* Ca\u0142kowity koszt po\u0142\u0105czenia wg stawki operatora<\/small>\r\n\t\t\t<\/div>\r\n\t\t<\/div>\r\n\t<\/div>\r\n\t<div class=\"row mb-3 p-3 box\">\r\n\t\t<div class=\"col-md-12 p-0\">\r\n\t\t\t<h1>Kwestie dotycz\u0105ce faktur<\/h1>\r\n\t\t\t<div class=\"inner\">\r\n\t\t\t\t<ul>\r\n\t\t\t\t\t<li><a href=\"https:\/\/forms.eccoholiday.com\/forms\/formularz-do-wystawienia-faktury-proforma-za-imprezy-ecco-holiday-i-ecco-travel\/0\" target=\"_blank\" title=\"Formularz do wystawienia faktury pro forma\" rel=\"noopener noreferrer\">Formularz do wystawienia faktury pro forma<\/a><\/li>\r\n\t\t\t\t\t<li><a href=\"https:\/\/forms.eccoholiday.com\/forms\/formularz-do-wystawienia-faktury-vat-mar%C5%BCa-za-imprezy-ecco-holiday-i-ecco-travel\/0\" target=\"_blank\" title=\"Formularz do wystawienia faktury VAT mar\u017ca\" rel=\"noopener noreferrer\">Formularz do wystawienia faktury VAT mar\u017ca<\/a><\/li>\r\n\t\t\t\t<\/ul>\r\n\t\t\t<\/div>\r\n\t\t<\/div>\r\n\t<\/div>\r\n<\/div>","protected":false},"excerpt":{"rendered":"Infolinia agencyjna 61 6785 310 Poniedzia\u0142ek &#8211; Pi\u0105tek: 9:00 &#8211; 20:00Sobota &#8211; Niedziela: 10:00 &#8211; 18:00 agent@eccoholiday.com * Ca\u0142kowity koszt po\u0142\u0105czenia wg stawki operatora Kwestie dotycz\u0105ce faktur Formularz do wystawienia faktury pro forma Formularz do wystawienia faktury VAT mar\u017ca","protected":false},"author":1,"featured_media":0,"parent":0,"menu_order":0,"comment_status":"closed","ping_status":"closed","template":"","meta":{"_acf_changed":false,"footnotes":""},"wf_page_folders":[4],"class_list":["post-416","page","type-page","status-publish","hentry"],"acf":[],"_links":{"self":[{"href":"https:\/\/www.eccotravel.eu\/p\/wp-json\/wp\/v2\/pages\/416","targetHints":{"allow":["GET"]}}],"collection":[{"href":"https:\/\/www.eccotravel.eu\/p\/wp-json\/wp\/v2\/pages"}],"about":[{"href":"https:\/\/www.eccotravel.eu\/p\/wp-json\/wp\/v2\/types\/page"}],"author":[{"embeddable":true,"href":"https:\/\/www.eccotravel.eu\/p\/wp-json\/wp\/v2\/users\/1"}],"replies":[{"embeddable":true,"href":"https:\/\/www.eccotravel.eu\/p\/wp-json\/wp\/v2\/comments?post=416"}],"version-history":[{"count":23,"href":"https:\/\/www.eccotravel.eu\/p\/wp-json\/wp\/v2\/pages\/416\/revisions"}],"predecessor-version":[{"id":9826,"href":"https:\/\/www.eccotravel.eu\/p\/wp-json\/wp\/v2\/pages\/416\/revisions\/9826"}],"wp:attachment":[{"href":"https:\/\/www.eccotravel.eu\/p\/wp-json\/wp\/v2\/media?parent=416"}],"wp:term":[{"taxonomy":"wf_page_folders","embeddable":true,"href":"https:\/\/www.eccotravel.eu\/p\/wp-json\/wp\/v2\/wf_page_folders?post=416"}],"curies":[{"name":"wp","href":"https:\/\/api.w.org\/{rel}","templated":true}]}}