{"id":430,"date":"2019-12-11T11:02:43","date_gmt":"2019-12-11T10:02:43","guid":{"rendered":"https:\/\/beta.eccoholiday.pl\/p?page_id=430"},"modified":"2026-01-21T14:45:23","modified_gmt":"2026-01-21T13:45:23","slug":"kariera","status":"publish","type":"page","link":"https:\/\/www.eccotravel.eu\/p\/kariera","title":{"rendered":"Kariera"},"content":{"rendered":"    <link rel=\"stylesheet\" href=\"https:\/\/www.eccoholiday.com\/fm\/pliki\/web\/kariera-ecco.min.css?ts=1775648870\">\r\n\r\n    <div class=\"ecco-job-offers-panel\">\r\n\r\n        <h1 class=\"ecco-job-offers-panel__title\">Praca w&nbsp;Ecco&nbsp;Holiday<\/h1>\r\n        <div class=\"ecco-job-offers-panel__description\">W zwi\u0105zku z dynamicznym rozwojem firmy, poszukujemy kandydat\u00f3w na poni\u017csze stanowiska:<\/div>\r\n\r\n        <div class=\"accordion\" id=\"ecco-job-offers\">\r\n\r\n            \r\n            <div class=\"accordion-item\">\r\n                <h2 class=\"accordion-header\" id=\"job-offer-1\">\r\n                    <button class=\"accordion-button collapsed\" type=\"button\" data-bs-toggle=\"collapse\" data-bs-target=\"#collapse-1\" aria-expanded=\"true\" aria-controls=\"collapse-1\">\r\n                        <span>Kasjer Lotniczy \/ Kasjerka Lotnicza<\/span> <span class=\"nowe-on\"><\/span>\r\n                    <\/button>\r\n                <\/h2>\r\n                <div id=\"collapse-1\" class=\"accordion-collapse collapse collapse\" aria-labelledby=\"job-offer-1\" data-bs-parent=\"#ecco-job-offers\">\r\n                    <div class=\"job-offer\">\r\n\r\n                        <stanowisko>Kasjer Lotniczy \/ Kasjerka Lotnicza<\/stanowisko>\r\n                        <miejsce>Pozna\u0144 \/ Zdalnie (pe\u0142ny etat lub 1\/2 etatu)<\/miejsce>\r\n                        <zadania>\r\n                            Poszukujemy samodzielnego pracownika kasy lotniczej do naszego biura w Poznaniu z mo\u017cliwo\u015bci\u0105 pracy zdalnej.\r\n                            <br>\r\n                            Praca w pe\u0142nym wymiarze godzin lub na p\u00f3\u0142 etatu.\r\n                        <\/zadania>\r\n                        <strong>Zadania:<\/strong>\r\n                        <ul>\r\n                            <li>Obs\u0142uga bezpo\u015brednia, telefoniczna i mailowa klient\u00f3w w zakresie rezerwacji, sprzeda\u017cy i zmian bilet\u00f3w<\/li>\r\n                            <li>Obs\u0142uga rezerwacji grupowych i bezpo\u015brednia wsp\u00f3\u0142praca z liniami lotniczymi w tym zakresie<\/li>\r\n                            <li>Zmiany\/zwroty wystawionych bilet\u00f3w lotniczych<\/li>\r\n                            <li>Fakturowanie i rozliczanie sprzeda\u017cy<\/li>\r\n                            <li>Wsp\u00f3\u0142praca z innymi dzia\u0142ami w zakresie prawid\u0142owej sprzeda\u017cy produkt\u00f3w i us\u0142ug<\/li>\r\n                        <\/ul>\r\n                        <strong>Wymagania:<\/strong>\r\n                        <ul>\r\n                            <li>Znajomo\u015b\u0107 Systemu AMADEUS, SABRE, FARELOGIX<\/li>\r\n                            <li>Do\u015bwiadczenie na stanowisku kasjera lotniczego<\/li>\r\n                            <li>Umiej\u0119tno\u015b\u0107 pracy w zespole i orientacja na potrzeby Klienta<\/li>\r\n                            <li>Umiej\u0119tno\u015b\u0107 profesjonalnego reagowania w sytuacjach trudnych i stresuj\u0105cych<\/li>\r\n                            <li>Samodzielno\u015b\u0107 w dzia\u0142aniu i podejmowaniu decyzji oraz skrupulatno\u015b\u0107<\/li>\r\n                            <li>Znajomo\u015b\u0107 systemu eKNF<\/li>\r\n                            <li>Obs\u0142uga Microsoft Office<\/li>\r\n                            <li>Dyspozycyjno\u015b\u0107 do pracy poza godzinami<\/li>\r\n                        <\/ul>\r\n                        <strong>Oferujemy:<\/strong>\r\n                        <ul>\r\n                            <li>Umow\u0119 o prac\u0119 w firmie o ugruntowanej pozycji na rynku<\/li>\r\n                            <li>Prac\u0119 w dynamicznym i profesjonalnym zespole w przyjaznej atmosferze<\/li>\r\n                            <li>Bardzo dobre warunki pracy<\/li>\r\n                            <li>Niezb\u0119dne narz\u0119dzia do pracy<\/li>\r\n                        <\/ul>\r\n                        <p>Zainteresowane osoby prosimy o przesy\u0142anie CV na adres: <a href=\"mailto:hr@eccoholiday.com\">hr@eccoholiday.com<\/a>\r\n                        <\/p>\r\n                        <p> <strong> Prosimy o zawarcie w aplikacji klauzuli:<\/strong><\/p>\r\n                        <div class=\"klauzula\">Na podstawie art. 6 ust. 1 a Rozporz\u0105dzenie Parlamentu Europejskiego i Rady (UE) 2016\/679 z dnia 27 kwietnia 2016 r. w sprawie ochrony os\u00f3b fizycznych wo zwi\u0105zku z przetwarzaniem danych osobowych i w sprawie swobodnego przep\u0142ywu takich danych oraz uchylenia dyrektywy 95\/46\/WE (og\u00f3lne rozporz\u0105dzenie o ochronie danych) wyra\u017cam zgod\u0119 na przetwarzanie przez sp\u00f3\u0142k\u0119 ECCO HOLIDAY Sp\u00f3\u0142ka z ograniczon\u0105 odpowiedzialno\u015bci\u0105 z siedzib\u0105 w Poznaniu (61\u2013696) Al. Solidarno\u015bci 46 moich danych osobowych udost\u0119pnionych przeze mnie w celach rekrutacji zawartych w CV.\r\n                        <\/div>\r\n                        <p>Osoby zainteresowane udzia\u0142em w kolejnych i podobnych procesach rekrutacji prosimy o zamieszczenie w swoim CV r\u00f3wnie\u017c klauzuli o tre\u015bci:<\/p>\r\n                        <div class=\"klauzula\">\r\n                            Wyra\u017cam zgod\u0119 na wykorzystanie mojego CV przez okres rekrutacji oraz przez okres 1 roku od zako\u0144czenia rekrutacji, na potrzeby przysz\u0142ych proces\u00f3w rekrutacyjnych organizowanych przez sp\u00f3\u0142k\u0119 ECCO HOLIDAY Sp\u00f3\u0142ka z ograniczon\u0105 odpowiedzialno\u015bci\u0105 z siedzib\u0105 w Poznaniu (61\u2013696) Al. Solidarno\u015bci 46.<\/div>\r\n\r\n                    <\/div>\r\n                <\/div>\r\n            <\/div>\r\n            \r\n\r\n\r\n\r\n            \r\n            <div class=\"accordion-item\">\r\n                <h2 class=\"accordion-header\" id=\"job-offer-2\">\r\n                    <button class=\"accordion-button collapsed\" type=\"button\" data-bs-toggle=\"collapse\" data-bs-target=\"#collapse-2\" aria-expanded=\"false\" aria-controls=\"collapse-2\">\r\n                        <span>Konsultant ds. sprzeda\u017cy \/ Konsultantka ds. sprzeda\u017cy<\/span> <span class=\"nowe-off\"><\/span>\r\n                    <\/button>\r\n                <\/h2>\r\n                <div id=\"collapse-2\" class=\"accordion-collapse collapse\" aria-labelledby=\"job-offer-2\" data-bs-parent=\"#ecco-job-offers\">\r\n                    <div class=\"job-offer\">\r\n\r\n                        <stanowisko>Konsultant ds. sprzeda\u017cy \/ Konsultantka ds. sprzeda\u017cy<\/stanowisko>\r\n                        <miejsce>Pozna\u0144<\/miejsce>\r\n                        <zadania>\r\n                            Zadaniem tej osoby b\u0119dzie sprzeda\u017c wycieczek i&nbsp;obs\u0142uga call center.<br>\r\n                            Je\u015bli jeste\u015b komunikatywna\/ny i&nbsp;dobrze radzisz sobie w&nbsp;sytuacjach stresowych\r\n                            &#8211;&nbsp;do\u0142\u0105cz&nbsp;do&nbsp;nas!\r\n                        <\/zadania>\r\n                        <strong>Opis stanowiska:<\/strong>\r\n                        <ul>\r\n                            <li>obs\u0142uga infolinii sprzeda\u017cowej (g\u0142\u00f3wnie rozmowy przychodz\u0105ce) oraz poczty mailowej<\/li>\r\n                            <li>bezpo\u015brednia obs\u0142uga Klienta (w przypadku pracy w salonie sprzeda\u017cy)<\/li>\r\n                        <\/ul>\r\n                        <strong>Wymagania:<\/strong>\r\n                        <ul>\r\n                            <li>wykszta\u0142cenie minimum \u015brednie (wy\u017csze kierunkowe mile widziane)<\/li>\r\n                            <li>do\u015bwiadczenie w sprzeda\u017cy (mile widziane)<\/li>\r\n                            <li>bardzo dobra znajomo\u015b\u0107 obs\u0142ugi komputera w zakresie MS Windows, MS Word\/Excel, poczta\r\n                                elektroniczna<\/li>\r\n                            <li>gotowo\u015b\u0107 do szkole\u0144 i sporadycznych wyjazd\u00f3w<\/li>\r\n                            <li>umiej\u0119tno\u015b\u0107 pracy w zespole<\/li>\r\n                            <li>zainteresowanie turystyk\u0105<\/li>\r\n                            <li>mile widziane do\u015bwiadczenie w pracy na podobnym stanowisku<\/li>\r\n                            <li>mile widziana komunikatywna znajomo\u015b\u0107 j\u0119zyka angielskiego<\/li>\r\n                            <li>dyspozycyjno\u015b\u0107 na pe\u0142ny etat<\/li>\r\n                        <\/ul>\r\n                        <strong>Oferujemy:<\/strong>\r\n                        <ul>\r\n                            <li>przedmiotowe szkolenie<\/li>\r\n                            <li>ciekaw\u0105 prac\u0119 w dynamicznym zespole<\/li>\r\n                            <li>stabilne warunki zatrudnienia<\/li>\r\n                            <li>mo\u017cliwo\u015b\u0107 rozwoju zawodowego<\/li>\r\n                            <li>niezb\u0119dne narz\u0119dzia do pracy<\/li>\r\n                            <li>wyjazdy zagraniczne w ramach study-tour<\/li>\r\n                            <li>Pracowniczy Program Emerytalny<\/li>\r\n                            <li>ubezpieczenie grupowe<\/li>\r\n                        <\/ul>\r\n                        <p>Uprzejmie informujemy, \u017ce skontaktujemy si\u0119 tylko z wybranymi kandydatami.<\/p>\r\n                        <p>Pisemne zg\u0142oszenia zawieraj\u0105ce CV oraz list motywacyjny wraz ze wskazaniem oczekiwa\u0144\r\n                            finansowych\r\n                            prosimy kierowa\u0107 na adres: <a href=\"mailto:katarzyna.turkiewicz@eccoholiday.com\">katarzyna.turkiewicz@eccoholiday.com<\/a>\r\n                        <\/p>\r\n                        <p> <strong> Prosimy o zawarcie w aplikacji klauzuli:<\/strong><\/p>\r\n                        <div class=\"klauzula\">Na podstawie art. 6 ust. 1 a Rozporz\u0105dzenie Parlamentu Europejskiego i\r\n                            Rady (UE) 2016\/679 z dnia 27 kwietnia 2016 r. w sprawie ochrony os\u00f3b fizycznych\r\n                            wo&nbsp;zwi\u0105zku z przetwarzaniem danych\r\n                            osobowych i w sprawie swobodnego przep\u0142ywu takich danych oraz uchylenia dyrektywy 95\/46\/WE\r\n                            (og\u00f3lne rozporz\u0105dzenie o&nbsp;ochronie danych) wyra\u017cam zgod\u0119 na przetwarzanie przez sp\u00f3\u0142k\u0119\r\n                            ECCO\r\n                            HOLIDAY Sp\u00f3\u0142ka z ograniczon\u0105 odpowiedzialno\u015bci\u0105 z siedzib\u0105 w Poznaniu (61 \u2013 696)\r\n                            Al.&nbsp;Solidarno\u015bci 46 moich danych osobowych udost\u0119pnionych przeze mnie w celach\r\n                            rekrutacji\r\n                            zawartych w CV.\r\n                        <\/div>\r\n                        <p>Osoby zainteresowane udzia\u0142em w kolejnych i podobnych procesach rekrutacji prosimy\r\n                            o&nbsp;zamieszczenie w swoim CV r\u00f3wnie\u017c klauzuli o tre\u015bci:<\/p>\r\n                        <div class=\"klauzula\">\r\n                            Wyra\u017cam zgod\u0119 na wykorzystanie mojego CV przez okres rekrutacji oraz przez okres 1 roku od\r\n                            zako\u0144czenia rekrutacji, na potrzeby przysz\u0142ych proces\u00f3w rekrutacyjnych organizowanych przez\r\n                            sp\u00f3\u0142k\u0119 ECCO HOLIDAY Sp\u00f3\u0142ka z ograniczon\u0105 odpowiedzialno\u015bci\u0105 z siedzib\u0105 w Poznaniu (61\u2013696)\r\n                            Al. Solidarno\u015bci 46.<\/div>\r\n\r\n                    <\/div>\r\n                <\/div>\r\n            <\/div>\r\n            \r\n\r\n        <\/div>","protected":false},"excerpt":{"rendered":"Praca w&nbsp;Ecco&nbsp;Holiday W zwi\u0105zku z dynamicznym rozwojem firmy, poszukujemy kandydat\u00f3w na poni\u017csze stanowiska: Kasjer Lotniczy \/ Kasjerka Lotnicza Kasjer Lotniczy \/ Kasjerka Lotnicza Pozna\u0144 \/ Zdalnie (pe\u0142ny etat lub 1\/2 etatu) Poszukujemy samodzielnego pracownika kasy lotniczej do naszego biura w Poznaniu z mo\u017cliwo\u015bci\u0105 pracy zdalnej. Praca w pe\u0142nym wymiarze godzin lub na p\u00f3\u0142 etatu. Zadania: [&hellip;]","protected":false},"author":1,"featured_media":0,"parent":0,"menu_order":0,"comment_status":"closed","ping_status":"closed","template":"","meta":{"_acf_changed":false,"footnotes":""},"wf_page_folders":[4],"class_list":["post-430","page","type-page","status-publish","hentry"],"acf":[],"_links":{"self":[{"href":"https:\/\/www.eccotravel.eu\/p\/wp-json\/wp\/v2\/pages\/430","targetHints":{"allow":["GET"]}}],"collection":[{"href":"https:\/\/www.eccotravel.eu\/p\/wp-json\/wp\/v2\/pages"}],"about":[{"href":"https:\/\/www.eccotravel.eu\/p\/wp-json\/wp\/v2\/types\/page"}],"author":[{"embeddable":true,"href":"https:\/\/www.eccotravel.eu\/p\/wp-json\/wp\/v2\/users\/1"}],"replies":[{"embeddable":true,"href":"https:\/\/www.eccotravel.eu\/p\/wp-json\/wp\/v2\/comments?post=430"}],"version-history":[{"count":32,"href":"https:\/\/www.eccotravel.eu\/p\/wp-json\/wp\/v2\/pages\/430\/revisions"}],"predecessor-version":[{"id":10479,"href":"https:\/\/www.eccotravel.eu\/p\/wp-json\/wp\/v2\/pages\/430\/revisions\/10479"}],"wp:attachment":[{"href":"https:\/\/www.eccotravel.eu\/p\/wp-json\/wp\/v2\/media?parent=430"}],"wp:term":[{"taxonomy":"wf_page_folders","embeddable":true,"href":"https:\/\/www.eccotravel.eu\/p\/wp-json\/wp\/v2\/wf_page_folders?post=430"}],"curies":[{"name":"wp","href":"https:\/\/api.w.org\/{rel}","templated":true}]}}