{"id":433,"date":"2019-12-11T11:06:25","date_gmt":"2019-12-11T10:06:25","guid":{"rendered":"https:\/\/beta.eccoholiday.pl\/p?page_id=433"},"modified":"2023-08-10T08:33:59","modified_gmt":"2023-08-10T06:33:59","slug":"przed-wyjazdem","status":"publish","type":"page","link":"https:\/\/www.eccotravel.eu\/p\/przed-wyjazdem","title":{"rendered":"Przed wyjazdem"},"content":{"rendered":"<style type=\"text\/css\">.linki {\r\n      font-family: Lato, sans-serif;\r\n   }\r\n   .linki li {\r\n      line-height: 24px;\r\n\t  list-style: none;\r\n   }\r\n.linki li:before {\r\n    content: '\\f105';\r\n    font-family: \"Font Awesome 5 Pro\";\r\n    margin-right: .5em;\r\n    color: #004A81;\r\n    font-weight: 900;\r\n    float: left;\r\n}\r\n<\/style>\r\n<ul class=\"linki\">\r\n\t<li><a href=\"\/p\/aktualne-wymogi-i-obostrzenia\" rel=\"noopener noreferrer\">Aktualne wytyczne i&nbsp;obostrzenia dla podr\u00f3\u017cuj\u0105cych<\/a><\/li>\r\n\t<li><a href=\"https:\/\/www.gov.pl\/web\/dyplomacja\/informacje-dla-podrozujacych\" target=\"_blank\" rel=\"noopener noreferrer\">Komunikaty MSZ<\/a><\/li>\r\n\t\r\n\t<li><a href=\"https:\/\/www.gov.pl\/web\/koronawirus\/informacje-dla-podrozujacych\" target=\"_blank\" rel=\"noopener noreferrer\">Koronawirus: informacje i zalecenia dla podr\u00f3\u017cuj\u0105cych<\/a><\/li>\r\n\t\r\n\t<li><a href=\"https:\/\/www.ulc.gov.pl\/pl\/\" target=\"_blank\" rel=\"noopener noreferrer\">Przepisy ULC<\/a><\/li>\r\n\t<li><a href=\"\/p\/Ogolne-warunki-przewozu-linii-lotniczych\" rel=\"noopener noreferrer\">Warunki przewozu linii lotniczych<\/a><\/li>\r\n\r\n\t\r\n<\/ul>","protected":false},"excerpt":{"rendered":"Aktualne wytyczne i&nbsp;obostrzenia dla podr\u00f3\u017cuj\u0105cych Komunikaty MSZ Koronawirus: informacje i zalecenia dla podr\u00f3\u017cuj\u0105cych Przepisy ULC Warunki przewozu linii lotniczych","protected":false},"author":1,"featured_media":0,"parent":0,"menu_order":0,"comment_status":"closed","ping_status":"closed","template":"","meta":{"_acf_changed":false,"footnotes":""},"wf_page_folders":[4],"class_list":["post-433","page","type-page","status-publish","hentry"],"acf":[],"_links":{"self":[{"href":"https:\/\/www.eccotravel.eu\/p\/wp-json\/wp\/v2\/pages\/433","targetHints":{"allow":["GET"]}}],"collection":[{"href":"https:\/\/www.eccotravel.eu\/p\/wp-json\/wp\/v2\/pages"}],"about":[{"href":"https:\/\/www.eccotravel.eu\/p\/wp-json\/wp\/v2\/types\/page"}],"author":[{"embeddable":true,"href":"https:\/\/www.eccotravel.eu\/p\/wp-json\/wp\/v2\/users\/1"}],"replies":[{"embeddable":true,"href":"https:\/\/www.eccotravel.eu\/p\/wp-json\/wp\/v2\/comments?post=433"}],"version-history":[{"count":10,"href":"https:\/\/www.eccotravel.eu\/p\/wp-json\/wp\/v2\/pages\/433\/revisions"}],"predecessor-version":[{"id":7589,"href":"https:\/\/www.eccotravel.eu\/p\/wp-json\/wp\/v2\/pages\/433\/revisions\/7589"}],"wp:attachment":[{"href":"https:\/\/www.eccotravel.eu\/p\/wp-json\/wp\/v2\/media?parent=433"}],"wp:term":[{"taxonomy":"wf_page_folders","embeddable":true,"href":"https:\/\/www.eccotravel.eu\/p\/wp-json\/wp\/v2\/wf_page_folders?post=433"}],"curies":[{"name":"wp","href":"https:\/\/api.w.org\/{rel}","templated":true}]}}