{"id":463,"date":"2020-01-12T19:52:12","date_gmt":"2020-01-12T18:52:12","guid":{"rendered":"https:\/\/beta.eccoholiday.pl\/p?page_id=463"},"modified":"2024-03-01T09:13:44","modified_gmt":"2024-03-01T08:13:44","slug":"ubezpieczenia","status":"publish","type":"page","link":"https:\/\/www.eccotravel.eu\/p\/ubezpieczenia","title":{"rendered":"Ubezpieczenia"},"content":{"rendered":"  <style>\r\n    .module-container h1 {\r\n      margin-bottom: 0;\r\n    }\r\n\r\n    .module-container small {\r\n      font-weight: 600;\r\n    }\r\n\r\n    .module-container .module {\r\n      border: 1px solid lightgray;\r\n      padding: 10px 20px;\r\n      margin-bottom: 15px;\r\n    }\r\n\r\n    .module-container .module:last-child {\r\n      margin-bottom: 0;\r\n    }\r\n\r\n    .module-container .module .module-title {\r\n      font-size: 20px;\r\n      font-weight: bold;\r\n      color: #004a82;\r\n    }\r\n\r\n    .module-container .module .module-content {\r\n      overflow: hidden;\r\n      padding: 12px 6px;\r\n    }\r\n\r\n    .module-container .module .module-content small {\r\n      float: right;\r\n      font-size: x-small;\r\n    }\r\n\r\n    .static {\r\n      display: flex;\r\n      align-items: center;\r\n    }\r\n\r\n    .static a {\r\n      color: #004a81;\r\n      margin-left: 5px;\r\n      font-weight: bold;\r\n    }\r\n  <\/style>\r\n  <div class=\"module-container\">\r\n  \r\n\t<div class=\"module\">\r\n      <h1 class=\"module-title\">Ubezpieczenie podr\u00f3\u017cne (KL\/NNW oraz koszt\u00f3w rezygnacji lub przerwania)<\/h1>\r\n      <small style=\"display:none\">dotyczy imprez za\u0142o\u017conych po 01.03.2022<\/small>\r\n      <div class=\"module-content\">\r\n        <p><\/p>\r\n        <div class=\"static\">\r\n          <img decoding=\"async\" src=\"https:\/\/static.eccoholiday.com\/www\/fileicon\/20\/pdf.png\" alt=\"icon\">\r\n          <a href=\"https:\/\/static.eccoholiday.com\/dl\/tue_owu.pdf?ts=1777893880\" target=\"_blank\" rel=\"noopener noreferrer\">\r\n            Og\u00f3lne Warunki Ubezpieczenia podr\u00f3\u017cnego dla Klient\u00f3w Ecco Holiday Sp. z o.o.\r\n          <\/a>\r\n        <\/div>\r\n        <p><\/p>\r\n        <p><\/p>\r\n        <div class=\"static\">\r\n          <img decoding=\"async\" src=\"https:\/\/static.eccoholiday.com\/www\/fileicon\/20\/pdf.png\" alt=\"icon\">\r\n          <a href=\"https:\/\/static.eccoholiday.com\/dl\/tue_pi.pdf?ts=1777893880\" target=\"_blank\" rel=\"noopener noreferrer\">\r\n            Podstawowe informacje o ubezpieczeniach\r\n          <\/a>\r\n        <\/div>\r\n        <p><\/p>\r\n\t\t<p><\/p>\r\n        <div class=\"static\">\r\n          <img decoding=\"async\" src=\"https:\/\/static.eccoholiday.com\/www\/fileicon\/20\/pdf.png\" alt=\"icon\">\r\n          <a href=\"https:\/\/static.eccoholiday.com\/dl\/tue_faq.pdf?ts=1777893880\" target=\"_blank\" rel=\"noopener noreferrer\">\r\n            Odpowiedzi na najcz\u0119\u015bciej zadawane pytania\r\n          <\/a>\r\n        <\/div>\r\n        <p><\/p>\r\n      <\/div>\r\n    <\/div>  \r\n\r\n  <\/div>\r\n\r\n\r\n","protected":false},"excerpt":{"rendered":"Ubezpieczenie podr\u00f3\u017cne (KL\/NNW oraz koszt\u00f3w rezygnacji lub przerwania) dotyczy imprez za\u0142o\u017conych po 01.03.2022 Og\u00f3lne Warunki Ubezpieczenia podr\u00f3\u017cnego dla Klient\u00f3w Ecco Holiday Sp. z o.o. Podstawowe informacje o ubezpieczeniach Odpowiedzi na najcz\u0119\u015bciej zadawane pytania","protected":false},"author":1,"featured_media":0,"parent":0,"menu_order":0,"comment_status":"closed","ping_status":"closed","template":"","meta":{"_acf_changed":false,"footnotes":""},"wf_page_folders":[4],"class_list":["post-463","page","type-page","status-publish","hentry"],"acf":[],"_links":{"self":[{"href":"https:\/\/www.eccotravel.eu\/p\/wp-json\/wp\/v2\/pages\/463","targetHints":{"allow":["GET"]}}],"collection":[{"href":"https:\/\/www.eccotravel.eu\/p\/wp-json\/wp\/v2\/pages"}],"about":[{"href":"https:\/\/www.eccotravel.eu\/p\/wp-json\/wp\/v2\/types\/page"}],"author":[{"embeddable":true,"href":"https:\/\/www.eccotravel.eu\/p\/wp-json\/wp\/v2\/users\/1"}],"replies":[{"embeddable":true,"href":"https:\/\/www.eccotravel.eu\/p\/wp-json\/wp\/v2\/comments?post=463"}],"version-history":[{"count":18,"href":"https:\/\/www.eccotravel.eu\/p\/wp-json\/wp\/v2\/pages\/463\/revisions"}],"predecessor-version":[{"id":8073,"href":"https:\/\/www.eccotravel.eu\/p\/wp-json\/wp\/v2\/pages\/463\/revisions\/8073"}],"wp:attachment":[{"href":"https:\/\/www.eccotravel.eu\/p\/wp-json\/wp\/v2\/media?parent=463"}],"wp:term":[{"taxonomy":"wf_page_folders","embeddable":true,"href":"https:\/\/www.eccotravel.eu\/p\/wp-json\/wp\/v2\/wf_page_folders?post=463"}],"curies":[{"name":"wp","href":"https:\/\/api.w.org\/{rel}","templated":true}]}}