{"id":465,"date":"2020-01-12T19:53:17","date_gmt":"2020-01-12T18:53:17","guid":{"rendered":"https:\/\/beta.eccoholiday.pl\/p?page_id=465"},"modified":"2025-05-29T14:40:30","modified_gmt":"2025-05-29T12:40:30","slug":"zezwolenia","status":"publish","type":"page","link":"https:\/\/www.eccotravel.eu\/p\/zezwolenia","title":{"rendered":"Zezwolenia"},"content":{"rendered":"<style>\r\n.module-container .module {\r\n  border: 1px solid lightgray;\r\n  padding: 10px 20px;\r\n  margin-bottom: 15px;\r\n}\r\n\r\n.module-container .module:last-child {\r\n  margin-bottom: 0;\r\n}\r\n\r\n.module-container .module .module-title {\r\n  font-size: 20px;\r\n  font-weight: bold;\r\n  color: #004a82;\r\n}\r\n\r\n.module-container .module .module-content {\r\n  overflow: hidden;\r\n  padding: 12px 6px;\r\n}\r\n\r\n.module-container .module .module-content small {\r\n  float: right;\r\n  font-size: x-small;\r\n}\r\n\r\n.static {\r\n  display: flex;\r\n  align-items: center;\r\n}\r\n\r\n.static a {\r\n  color: #004a81;\r\n  margin-left: 5px;\r\n  font-weight: bold;\r\n  margin-bottom: 0.75em;\r\n}\r\n<\/style>\r\n<div class=\"static\"><img decoding=\"async\" src=\"https:\/\/static.eccoholiday.com\/www\/fileicon\/20\/pdf.png\" alt=\"icon\"><a href=\"https:\/\/static.eccoholiday.com\/dl\/zezwolenie_marszalka_woj_wielkopolskiego_286z.pdf\" target=\"_blank\" rel=\"noopener noreferrer\">Zezwolenie Marsza\u0142ka Wojew\u00f3dztwa Wielkopolskiego nr 286z<\/a><\/div>\r\n\r\n<div class=\"static\"><img decoding=\"async\" src=\"https:\/\/static.eccoholiday.com\/www\/fileicon\/20\/pdf.png\" alt=\"icon\"><a href=\"https:\/\/static.eccoholiday.com\/dl\/wpis_do_CEOTiPUNPUT.pdf\" target=\"_blank\" rel=\"noopener noreferrer\">Wpis do CEOTiPUNPUT<\/a><\/div>\r\n\r\n<div class=\"static\"><img decoding=\"async\" src=\"https:\/\/static.eccoholiday.com\/www\/fileicon\/20\/pdf.png\" alt=\"icon\"><a href=\"https:\/\/static.eccoholiday.com\/dl\/certyfikat_pit.pdf\" target=\"_blank\" rel=\"noopener noreferrer\">Certyfikat przynale\u017cno\u015bci do Polskiej Izby Turystyki<\/a><\/div>\r\n\r\n<div class=\"static\"><img decoding=\"async\" src=\"https:\/\/static.eccoholiday.com\/www\/fileicon\/20\/pdf.png\" alt=\"icon\"><a href=\"https:\/\/static.eccoholiday.com\/dl\/certyfikat_iata.pdf\" target=\"_blank\" rel=\"noopener noreferrer\">Certyfikat akredytacji Mi\u0119dzynarodowego Zrzeszenia Przewo\u017anik\u00f3w Powietrznych IATA<\/a><\/div>\r\n\r\n<div class=\"static\"><img decoding=\"async\" src=\"https:\/\/static.eccoholiday.com\/www\/fileicon\/20\/pdf.png\" alt=\"icon\"><a href=\"https:\/\/s.ecc.ovh\/assets\/doc\/certyfikat_saltus_2024_2025.pdf\" target=\"_blank\" rel=\"noopener noreferrer\">Certyfikat ubezpieczenia w SALTUS TUW (2024\/2025)<\/a><\/div>\r\n\r\n<div class=\"static\"><img decoding=\"async\" src=\"https:\/\/static.eccoholiday.com\/www\/fileicon\/20\/pdf.png\" alt=\"icon\"><a href=\"https:\/\/static.eccoholiday.com\/dl\/certyfikat_saltus_2025_2026.pdf\" target=\"_blank\" rel=\"noopener noreferrer\">Certyfikat ubezpieczenia w SALTUS TUW (2025\/2026)<\/a><\/div>","protected":false},"excerpt":{"rendered":"Zezwolenie Marsza\u0142ka Wojew\u00f3dztwa Wielkopolskiego nr 286z Wpis do CEOTiPUNPUT Certyfikat przynale\u017cno\u015bci do Polskiej Izby Turystyki Certyfikat akredytacji Mi\u0119dzynarodowego Zrzeszenia Przewo\u017anik\u00f3w Powietrznych IATA Certyfikat ubezpieczenia w SALTUS TUW (2024\/2025) Certyfikat ubezpieczenia w SALTUS TUW (2025\/2026)","protected":false},"author":1,"featured_media":0,"parent":0,"menu_order":0,"comment_status":"closed","ping_status":"closed","template":"","meta":{"_acf_changed":false,"footnotes":""},"wf_page_folders":[4],"class_list":["post-465","page","type-page","status-publish","hentry"],"acf":[],"_links":{"self":[{"href":"https:\/\/www.eccotravel.eu\/p\/wp-json\/wp\/v2\/pages\/465","targetHints":{"allow":["GET"]}}],"collection":[{"href":"https:\/\/www.eccotravel.eu\/p\/wp-json\/wp\/v2\/pages"}],"about":[{"href":"https:\/\/www.eccotravel.eu\/p\/wp-json\/wp\/v2\/types\/page"}],"author":[{"embeddable":true,"href":"https:\/\/www.eccotravel.eu\/p\/wp-json\/wp\/v2\/users\/1"}],"replies":[{"embeddable":true,"href":"https:\/\/www.eccotravel.eu\/p\/wp-json\/wp\/v2\/comments?post=465"}],"version-history":[{"count":17,"href":"https:\/\/www.eccotravel.eu\/p\/wp-json\/wp\/v2\/pages\/465\/revisions"}],"predecessor-version":[{"id":9742,"href":"https:\/\/www.eccotravel.eu\/p\/wp-json\/wp\/v2\/pages\/465\/revisions\/9742"}],"wp:attachment":[{"href":"https:\/\/www.eccotravel.eu\/p\/wp-json\/wp\/v2\/media?parent=465"}],"wp:term":[{"taxonomy":"wf_page_folders","embeddable":true,"href":"https:\/\/www.eccotravel.eu\/p\/wp-json\/wp\/v2\/wf_page_folders?post=465"}],"curies":[{"name":"wp","href":"https:\/\/api.w.org\/{rel}","templated":true}]}}