{"id":4960,"date":"2021-09-29T12:03:33","date_gmt":"2021-09-29T10:03:33","guid":{"rendered":"https:\/\/www.eccoholiday.com\/p?page_id=4960"},"modified":"2024-11-22T15:20:26","modified_gmt":"2024-11-22T14:20:26","slug":"polska-jest-piekna","status":"publish","type":"page","link":"https:\/\/www.eccotravel.eu\/p\/polska-jest-piekna","title":{"rendered":"Polska jest pi\u0119kna!"},"content":{"rendered":"\r\n\r\n\r\n\r\n\r\n\r\n\r\n\r\n\r\n\r\n\r\n\r\n\r\n\r\n\r\n\r\n\r\n\r\n\r\n\r\n\r\n\r\n\r\n\r\n\r\n\r\n\r\n\r\n\r\n\r\n\r\n\r\n\r\n\r\n\r\n\r\n\r\n\r\n\r\n\r\n\r\n\r\n\r\n\r\n\r\n\r\n<link rel=\"stylesheet\" href=\"https:\/\/www.eccoholiday.com\/fm\/pliki\/lp-polska-jest-piekna\/style.min.css?ts=1776745992\">\r\n\r\n<div class=\"lp-polska container\">\r\n    <div class=\"lp-top\">\r\n        \r\n        <div class=\"video-background\">\r\n            <video playsinline=\"playsinline\" autoplay=\"autoplay\" muted=\"muted\" loop=\"loop\">\r\n                <source src=\"https:\/\/www.eccoholiday.com\/fm\/pliki\/lp-polska-jest-piekna\/mp4\/poland.mp4\" type=\"video\/mp4\">\r\n            <\/video>\r\n        <\/div>\r\n        <div class=\"slogan\">\r\n            <h1 class=\"slogan__1\">Polska jest pi\u0119kna!<\/h1>\r\n        <\/div>\r\n        \r\n    <\/div>\r\n\r\n    <h2 class=\"h2\">\r\n        Dlatego musimy pochwali\u0107 si\u0119 nasz\u0105 ofert\u0105! \r\n    <\/h2>\r\n\r\n    <p class=\"lp-text\">\r\n        \r\n        Znajdziesz tu wiele hoteli w&nbsp;r\u00f3\u017cnych regionach Polski. \r\n        Mo\u017cesz wybra\u0107&nbsp;si\u0119 nad&nbsp;jezioro, w&nbsp;g\u00f3ry, nad&nbsp;morze i&nbsp;do&nbsp;wielkich miast. Podr\u00f3\u017c po&nbsp;Polsce to pomys\u0142 \r\n        na&nbsp;bezpieczny urlop. Mo\u017cesz wyjecha\u0107 na&nbsp;3 do&nbsp;8&nbsp;dni, czyli idealnie na&nbsp;weekendow\u0105 wycieczk\u0119 lub&nbsp;d\u0142u\u017cszy odpoczynek. Skorzystaj z&nbsp;oferty hoteli sieci Go\u0142\u0119biewski, zanocuj w&nbsp;zamku w&nbsp;Janowie Podlaskim, \r\n        nale\u017c\u0105cym do&nbsp;sieci Arche lub wybierz relaks nad morzem w popularnych miejscowo\u015bciach. Dla&nbsp;lubi\u0105cych \r\n        trekking mamy r\u00f3wnie\u017c hotele w&nbsp;g\u00f3rach. Wypocz\u0105\u0107 polecamy na&nbsp;Mazurach, podziwiaj\u0105c bezkresne jeziora \r\n        i&nbsp;pi\u0119kne krajobrazy Warmii.\r\n    <\/p>\r\n\r\n    <h3 class=\"h3\">Wybierz interesuj\u0105cy Ci\u0119 region i&nbsp;zacznij planowa\u0107 sw\u00f3j wyjazd.<\/h3>\r\n\r\n    <div class=\"regiony\">\r\n            \r\n        \r\n        \r\n        <a id=\"udds.1\" href=\"\" class=\"region  offer-not-exists\" target=\"_blank\" title=\"\" rel=\"noopener\"><\/a>\r\n        \r\n        <a id=\"udds.2\" href=\"\/l,Polska:Beskidy+Zachodnie,,,,,,,,,,wlasny\" class=\"region  offer-exists\" target=\"_blank\" title=\"Beskidy Zachodnie\" rel=\"noopener\">Beskidy Zachodnie<\/a>\r\n        \r\n        <a id=\"udds.3\" href=\"\" class=\"region  offer-not-exists\" target=\"_blank\" title=\"\" rel=\"noopener\"><\/a>\r\n        \r\n        <a id=\"udds.4\" href=\"\" class=\"region  offer-not-exists\" target=\"_blank\" title=\"\" rel=\"noopener\"><\/a>\r\n        \r\n        <a id=\"udds.5\" href=\"\/l,Polska:Dolny+\u015al\u0105sk,,,,,,,,,,wlasny\" class=\"region  offer-exists\" target=\"_blank\" title=\"Dolny \u015al\u0105sk\" rel=\"noopener\">Dolny \u015al\u0105sk<\/a>\r\n        \r\n        <a id=\"udds.6\" href=\"\" class=\"region  offer-not-exists\" target=\"_blank\" title=\"\" rel=\"noopener\"><\/a>\r\n        \r\n        <a id=\"udds.7\" href=\"\" class=\"region  offer-not-exists\" target=\"_blank\" title=\"\" rel=\"noopener\"><\/a>\r\n        \r\n        <a id=\"udds.8\" href=\"\/l,Polska:Karkonosze,,,,,,,,,,wlasny\" class=\"region  offer-exists\" target=\"_blank\" title=\"Karkonosze\" rel=\"noopener\">Karkonosze<\/a>\r\n        \r\n        <a id=\"udds.9\" href=\"\" class=\"region  offer-not-exists\" target=\"_blank\" title=\"\" rel=\"noopener\"><\/a>\r\n        \r\n        <a id=\"udds.10\" href=\"\" class=\"region  offer-not-exists\" target=\"_blank\" title=\"\" rel=\"noopener\"><\/a>\r\n        \r\n        <a id=\"udds.11\" href=\"\" class=\"region  offer-not-exists\" target=\"_blank\" title=\"\" rel=\"noopener\"><\/a>\r\n        \r\n        <a id=\"udds.12\" href=\"\" class=\"region  offer-not-exists\" target=\"_blank\" title=\"\" rel=\"noopener\"><\/a>\r\n        \r\n        <a id=\"udds.13\" href=\"\" class=\"region  offer-not-exists\" target=\"_blank\" title=\"\" rel=\"noopener\"><\/a>\r\n        \r\n        <a id=\"udds.14\" href=\"\" class=\"region  offer-not-exists\" target=\"_blank\" title=\"\" rel=\"noopener\"><\/a>\r\n        \r\n        <a id=\"udds.15\" href=\"\" class=\"region  offer-not-exists\" target=\"_blank\" title=\"\" rel=\"noopener\"><\/a>\r\n        \r\n        <a id=\"udds.16\" href=\"\" class=\"region  offer-not-exists\" target=\"_blank\" title=\"\" rel=\"noopener\"><\/a>\r\n        \r\n        <a id=\"udds.17\" href=\"\" class=\"region  offer-not-exists\" target=\"_blank\" title=\"\" rel=\"noopener\"><\/a>\r\n        \r\n        <a id=\"udds.18\" href=\"\" class=\"region  offer-not-exists\" target=\"_blank\" title=\"\" rel=\"noopener\"><\/a>\r\n        \r\n        <a id=\"udds.19\" href=\"\" class=\"region  offer-not-exists\" target=\"_blank\" title=\"\" rel=\"noopener\"><\/a>\r\n        \r\n        <a id=\"udds.20\" href=\"\" class=\"region  offer-not-exists\" target=\"_blank\" title=\"\" rel=\"noopener\"><\/a>\r\n        \r\n        <a id=\"udds.21\" href=\"\" class=\"region  offer-not-exists\" target=\"_blank\" title=\"\" rel=\"noopener\"><\/a>\r\n        \r\n        <a id=\"udds.22\" href=\"\" class=\"region  offer-not-exists\" target=\"_blank\" title=\"\" rel=\"noopener\"><\/a>\r\n        \r\n        <a id=\"udds.23\" href=\"\" class=\"region  offer-not-exists\" target=\"_blank\" title=\"\" rel=\"noopener\"><\/a>\r\n        \r\n        <a id=\"udds.24\" href=\"\" class=\"region  offer-not-exists\" target=\"_blank\" title=\"\" rel=\"noopener\"><\/a>\r\n        \r\n        <a id=\"udds.25\" href=\"\" class=\"region  offer-not-exists\" target=\"_blank\" title=\"\" rel=\"noopener\"><\/a>\r\n        \r\n        <a id=\"udds.26\" href=\"\/l,Polska:Sudety,,,,,,,,,,wlasny\" class=\"region  offer-exists\" target=\"_blank\" title=\"Sudety\" rel=\"noopener\">Sudety<\/a>\r\n        \r\n        <a id=\"udds.27\" href=\"\" class=\"region  offer-not-exists\" target=\"_blank\" title=\"\" rel=\"noopener\"><\/a>\r\n        \r\n        <a id=\"udds.28\" href=\"\/l,Polska:Tatry+I+Podhale,,,,,,,,,,wlasny\" class=\"region  offer-exists\" target=\"_blank\" title=\"Tatry i Podhale\" rel=\"noopener\">Tatry i Podhale<\/a>\r\n        \r\n        <a id=\"udds.29\" href=\"\/l,Polska:Tr\u00f3jmiasto,,,,,,,,,,wlasny\" class=\"region  offer-exists\" target=\"_blank\" title=\"Tr\u00f3jmiasto\" rel=\"noopener\">Tr\u00f3jmiasto<\/a>\r\n        \r\n        <a id=\"udds.30\" href=\"\" class=\"region  offer-not-exists\" target=\"_blank\" title=\"\" rel=\"noopener\"><\/a>\r\n        \r\n        <a id=\"udds.31\" href=\"\" class=\"region  offer-not-exists\" target=\"_blank\" title=\"\" rel=\"noopener\"><\/a>\r\n        \r\n        <a id=\"udds.32\" href=\"\" class=\"region  offer-not-exists\" target=\"_blank\" title=\"\" rel=\"noopener\"><\/a>\r\n        \r\n        <a id=\"udds.33\" href=\"\" class=\"region  offer-not-exists\" target=\"_blank\" title=\"\" rel=\"noopener\"><\/a>\r\n        \r\n        <a id=\"udds.34\" href=\"\/l,Polska:Wybrze\u017ce+\u015arodkowe,,,,,,,,,,wlasny\" class=\"region  offer-exists\" target=\"_blank\" title=\"Wybrze\u017ce \u015arodkowe\" rel=\"noopener\">Wybrze\u017ce \u015arodkowe<\/a>\r\n        \r\n        <a id=\"udds.35\" href=\"\/l,Polska:Wybrze\u017ce+Zachodnie,,,,,,,,,,wlasny\" class=\"region  offer-exists\" target=\"_blank\" title=\"Wybrze\u017ce Zachodnie\" rel=\"noopener\">Wybrze\u017ce Zachodnie<\/a>\r\n        \r\n        <a id=\"udds.36\" href=\"\" class=\"region  offer-not-exists\" target=\"_blank\" title=\"\" rel=\"noopener\"><\/a>\r\n        \r\n        <a id=\"udds.37\" href=\"\" class=\"region  offer-not-exists\" target=\"_blank\" title=\"\" rel=\"noopener\"><\/a>\r\n        \r\n        <a id=\"udds.38\" href=\"\/l,Polska:Zatoka+Gda\u0144ska,,,,,,,,,,wlasny\" class=\"region  offer-exists\" target=\"_blank\" title=\"Zatoka Gda\u0144ska\" rel=\"noopener\">Zatoka Gda\u0144ska<\/a>\r\n        \r\n        <a id=\"udds.39\" href=\"\" class=\"region  offer-not-exists\" target=\"_blank\" title=\"\" rel=\"noopener\"><\/a>\r\n        \r\n        <a id=\"udds.40\" href=\"\" class=\"region  offer-not-exists\" target=\"_blank\" title=\"\" rel=\"noopener\"><\/a>\r\n        \r\n        <a id=\"udds.41\" href=\"\/l,Polska,,,,,,,,,,wlasny\" class=\"region region__all offer-exists\" target=\"_blank\" title=\"Polska (wszystkie regiony)\" rel=\"noopener\">Polska (wszystkie regiony)<\/a>\r\n        \r\n        \r\n           \r\n    <\/div>\r\n\t\r\n\t\r\n\t\r\n<div class=\"newsletter-footer\">\r\n    <img decoding=\"async\" src=\"https:\/\/www.eccoholiday.com\/fm\/pliki\/lp-deluxe\/img\/bell-eh.svg\" alt=\"Newsletter\">\r\n    <p>Zam\u00f3w przypomnienie o&nbsp;naszych promocjach<\/p>\r\n    <a href=\"\/index.php?module=dialogs&#038;dialogsTemplate=newsletter\/add&#038;extParams=\" class=\"lp-button lp-button--newsletter\">Zapisz si\u0119 na nasz newsletter<\/a>\r\n<\/div>\r\n\r\n\r\n<\/div>\r\n\r\n    \r\n\r\n\r\n\r\n\r\n\r\n\r\n\r\n","protected":false},"excerpt":{"rendered":"Polska jest pi\u0119kna! Dlatego musimy pochwali\u0107 si\u0119 nasz\u0105 ofert\u0105! Znajdziesz tu wiele hoteli w&nbsp;r\u00f3\u017cnych regionach Polski. Mo\u017cesz wybra\u0107&nbsp;si\u0119 nad&nbsp;jezioro, w&nbsp;g\u00f3ry, nad&nbsp;morze i&nbsp;do&nbsp;wielkich miast. Podr\u00f3\u017c po&nbsp;Polsce to pomys\u0142 na&nbsp;bezpieczny urlop. Mo\u017cesz wyjecha\u0107 na&nbsp;3 do&nbsp;8&nbsp;dni, czyli idealnie na&nbsp;weekendow\u0105 wycieczk\u0119 lub&nbsp;d\u0142u\u017cszy odpoczynek. Skorzystaj z&nbsp;oferty hoteli sieci Go\u0142\u0119biewski, zanocuj w&nbsp;zamku w&nbsp;Janowie Podlaskim, nale\u017c\u0105cym do&nbsp;sieci Arche lub wybierz relaks nad [&hellip;]","protected":false},"author":4,"featured_media":0,"parent":0,"menu_order":0,"comment_status":"closed","ping_status":"closed","template":"","meta":{"_acf_changed":false,"footnotes":""},"wf_page_folders":[5],"class_list":["post-4960","page","type-page","status-publish","hentry"],"acf":[],"_links":{"self":[{"href":"https:\/\/www.eccotravel.eu\/p\/wp-json\/wp\/v2\/pages\/4960","targetHints":{"allow":["GET"]}}],"collection":[{"href":"https:\/\/www.eccotravel.eu\/p\/wp-json\/wp\/v2\/pages"}],"about":[{"href":"https:\/\/www.eccotravel.eu\/p\/wp-json\/wp\/v2\/types\/page"}],"author":[{"embeddable":true,"href":"https:\/\/www.eccotravel.eu\/p\/wp-json\/wp\/v2\/users\/4"}],"replies":[{"embeddable":true,"href":"https:\/\/www.eccotravel.eu\/p\/wp-json\/wp\/v2\/comments?post=4960"}],"version-history":[{"count":42,"href":"https:\/\/www.eccotravel.eu\/p\/wp-json\/wp\/v2\/pages\/4960\/revisions"}],"predecessor-version":[{"id":9143,"href":"https:\/\/www.eccotravel.eu\/p\/wp-json\/wp\/v2\/pages\/4960\/revisions\/9143"}],"wp:attachment":[{"href":"https:\/\/www.eccotravel.eu\/p\/wp-json\/wp\/v2\/media?parent=4960"}],"wp:term":[{"taxonomy":"wf_page_folders","embeddable":true,"href":"https:\/\/www.eccotravel.eu\/p\/wp-json\/wp\/v2\/wf_page_folders?post=4960"}],"curies":[{"name":"wp","href":"https:\/\/api.w.org\/{rel}","templated":true}]}}