{"id":547,"date":"2020-01-22T08:59:35","date_gmt":"2020-01-22T07:59:35","guid":{"rendered":"https:\/\/beta.eccoholiday.pl\/p?page_id=547"},"modified":"2025-10-27T08:15:03","modified_gmt":"2025-10-27T07:15:03","slug":"bilety-lotnicze","status":"publish","type":"page","link":"https:\/\/www.eccotravel.eu\/p\/bilety-lotnicze","title":{"rendered":"Bilety lotnicze"},"content":{"rendered":"<div style=\"text-align:center;width:100%;font-family:'lato', sans serif;\" class=\"p-4\">\r\n<p style=\"font-size:2.5em;line-height:1;font-weight:900\" class=\"mt-3 mb-3\">Szukasz biletu lotniczego?<\/p>\r\n<p style=\"font-size:1.3em;line-height:1.2\">Wy\u015blij do nas zapytanie lub&nbsp;zadzwo\u0144.<\/p>\r\n\r\n<h3>KASA IATA Pozna\u0144<\/h3>\r\ntel: <a href=\"tel:+48695791724\" style=\"font-size: 1.5em;font-weight:900\">+48 61 64 74 699<\/a><br>\r\nemail: <a href=\"mailto:biletypoz@eccotravel.eu\">biletypoz@eccotravel.eu<\/a>\r\n<p>Godziny pracy: 9:00 &#8211; 12:00 oraz 14:00 &#8211; 17:00<\/p>\r\n<\/div>\r\n","protected":false},"excerpt":{"rendered":"Szukasz biletu lotniczego? Wy\u015blij do nas zapytanie lub&nbsp;zadzwo\u0144. KASA IATA Pozna\u0144 tel: +48 61 64 74 699 email: biletypoz@eccotravel.eu Godziny pracy: 9:00 &#8211; 12:00 oraz 14:00 &#8211; 17:00","protected":false},"author":1,"featured_media":0,"parent":0,"menu_order":0,"comment_status":"closed","ping_status":"closed","template":"","meta":{"_acf_changed":false,"footnotes":""},"wf_page_folders":[4],"class_list":["post-547","page","type-page","status-publish","hentry"],"acf":[],"_links":{"self":[{"href":"https:\/\/www.eccotravel.eu\/p\/wp-json\/wp\/v2\/pages\/547","targetHints":{"allow":["GET"]}}],"collection":[{"href":"https:\/\/www.eccotravel.eu\/p\/wp-json\/wp\/v2\/pages"}],"about":[{"href":"https:\/\/www.eccotravel.eu\/p\/wp-json\/wp\/v2\/types\/page"}],"author":[{"embeddable":true,"href":"https:\/\/www.eccotravel.eu\/p\/wp-json\/wp\/v2\/users\/1"}],"replies":[{"embeddable":true,"href":"https:\/\/www.eccotravel.eu\/p\/wp-json\/wp\/v2\/comments?post=547"}],"version-history":[{"count":29,"href":"https:\/\/www.eccotravel.eu\/p\/wp-json\/wp\/v2\/pages\/547\/revisions"}],"predecessor-version":[{"id":10288,"href":"https:\/\/www.eccotravel.eu\/p\/wp-json\/wp\/v2\/pages\/547\/revisions\/10288"}],"wp:attachment":[{"href":"https:\/\/www.eccotravel.eu\/p\/wp-json\/wp\/v2\/media?parent=547"}],"wp:term":[{"taxonomy":"wf_page_folders","embeddable":true,"href":"https:\/\/www.eccotravel.eu\/p\/wp-json\/wp\/v2\/wf_page_folders?post=547"}],"curies":[{"name":"wp","href":"https:\/\/api.w.org\/{rel}","templated":true}]}}