{"id":612,"date":"2020-02-18T14:04:33","date_gmt":"2020-02-18T13:04:33","guid":{"rendered":"https:\/\/beta.eccoholiday.pl\/p?page_id=612"},"modified":"2023-01-11T14:13:30","modified_gmt":"2023-01-11T13:13:30","slug":"centrala","status":"publish","type":"page","link":"https:\/\/www.eccotravel.eu\/p\/centrala","title":{"rendered":"Centrala"},"content":{"rendered":"<h1>Ecco Holiday Sp. z o.o.<\/h1>\r\n<p><strong>Al. Solidarno\u015bci 46<\/strong><br \/>61-696 Pozna\u0144<br \/>NIP 9511773682<br \/>REGON 012797354<\/p>\r\n<p><b>Obs\u0142uga Klienta: 61 6100 214<\/b><br\/><small>Administracja: 61 64 74 600<\/small><\/p>\r\n<p>Nr&nbsp;<a title=\"Przejrzyj aktualny wpis Ecco Holiday Sp z o.o. w KRS.\" href=\"https:\/\/static.eccoholiday.com\/dl\/krs.pdf\"><u>KRS 0000082342<\/u><\/a><br \/>S\u0105d Rejonowy Pozna\u0144 &#8211; Nowe Miasto i Wilda<br \/>w Poznaniu, VIII Wydz. Gospodarczy KRS<br \/>Kapita\u0142 zak\u0142adowy sp&oacute;\u0142ki: 35 100 000,00 z\u0142<\/p>\r\n<p>Ecco Holiday wskazuje jako aktualnie obowi\u0105zuj\u0105cy dla wp\u0142at za rezerwacje Ecco Holiday i Ecco Travel rachunek bankowy:<br \/>BG\u017b BNP Paribas S.A.<br \/>ul. Pi\u0119kna 20 00-549 Warszawa<br \/>18 1750 1019 0000 0000 0461 7789<\/p>\r\n<small style=\"float:right\">*Ca\u0142kowity koszt po\u0142\u0105czenia wg stawki operatora<\/small>","protected":false},"excerpt":{"rendered":"Ecco Holiday Sp. z o.o. Al. Solidarno\u015bci 4661-696 Pozna\u0144NIP 9511773682REGON 012797354 Obs\u0142uga Klienta: 61 6100 214Administracja: 61 64 74 600 Nr&nbsp;KRS 0000082342S\u0105d Rejonowy Pozna\u0144 &#8211; Nowe Miasto i Wildaw Poznaniu, VIII Wydz. Gospodarczy KRSKapita\u0142 zak\u0142adowy sp&oacute;\u0142ki: 35 100 000,00 z\u0142 Ecco Holiday wskazuje jako aktualnie obowi\u0105zuj\u0105cy dla wp\u0142at za rezerwacje Ecco Holiday i Ecco Travel [&hellip;]","protected":false},"author":1,"featured_media":0,"parent":0,"menu_order":0,"comment_status":"closed","ping_status":"closed","template":"","meta":{"_acf_changed":false,"footnotes":""},"wf_page_folders":[4],"class_list":["post-612","page","type-page","status-publish","hentry"],"acf":[],"_links":{"self":[{"href":"https:\/\/www.eccotravel.eu\/p\/wp-json\/wp\/v2\/pages\/612","targetHints":{"allow":["GET"]}}],"collection":[{"href":"https:\/\/www.eccotravel.eu\/p\/wp-json\/wp\/v2\/pages"}],"about":[{"href":"https:\/\/www.eccotravel.eu\/p\/wp-json\/wp\/v2\/types\/page"}],"author":[{"embeddable":true,"href":"https:\/\/www.eccotravel.eu\/p\/wp-json\/wp\/v2\/users\/1"}],"replies":[{"embeddable":true,"href":"https:\/\/www.eccotravel.eu\/p\/wp-json\/wp\/v2\/comments?post=612"}],"version-history":[{"count":0,"href":"https:\/\/www.eccotravel.eu\/p\/wp-json\/wp\/v2\/pages\/612\/revisions"}],"wp:attachment":[{"href":"https:\/\/www.eccotravel.eu\/p\/wp-json\/wp\/v2\/media?parent=612"}],"wp:term":[{"taxonomy":"wf_page_folders","embeddable":true,"href":"https:\/\/www.eccotravel.eu\/p\/wp-json\/wp\/v2\/wf_page_folders?post=612"}],"curies":[{"name":"wp","href":"https:\/\/api.w.org\/{rel}","templated":true}]}}