{"id":7756,"date":"2023-10-31T11:58:04","date_gmt":"2023-10-31T10:58:04","guid":{"rendered":"https:\/\/www.eccoholiday.com\/p?page_id=7756"},"modified":"2023-11-13T09:31:31","modified_gmt":"2023-11-13T08:31:31","slug":"odkryj-magie-jordanii","status":"publish","type":"page","link":"https:\/\/www.eccotravel.eu\/p\/odkryj-magie-jordanii","title":{"rendered":"Odkryj magi\u0119 Jordanii"},"content":{"rendered":"\r\n\r\n\r\n\r\n\r\n\r\n \r\n \r\n \r\n \r\n<link href=\"https:\/\/www.eccoholiday.com\/fm\/pliki\/aos\/aos.css\" rel=\"stylesheet\">\r\n<link rel=\"stylesheet\" href=\"https:\/\/www.eccoholiday.com\/fm\/pliki\/lp-jordania\/style.min.css?ts=1775642691 \" \/>\r\n<link rel=\"stylesheet\" href=\"https:\/\/www.eccoholiday.com\/fm\/pliki\/lp-jordania\/draft_font.css\" \/>\r\n \r\n \r\n \r\n <div class=\"lp-jordania container-fluid\">\r\n\r\n  <div style=\"display:block\" class=\"container-fluid lp-top\" data-aos=\"fade-in\" data-aos-duration=\"1000\" data-aos-delay=\"0\">\r\n\r\n     <div class=\"lp-top__foto slide carousel-fade\" data-bs-ride=\"carousel\">\r\n\t\t <div class=\"carousel-item lp-top__foto lp-top__foto-1 active\" data-bs-interval=\"3000\"><\/div>\r\n\t\t <div class=\"carousel-item lp-top__foto lp-top__foto-2\" data-bs-interval=\"3000\"><\/div>\r\n\t\t <div class=\"carousel-item lp-top__foto lp-top__foto-3\" data-bs-interval=\"3000\"><\/div>\r\n\t\t <div class=\"carousel-item lp-top__foto lp-top__foto-4\" data-bs-interval=\"3000\"><\/div>\r\n    <\/div>\r\n\t\r\n\t\r\n\t\r\n    <div class=\"lp-top__txt container\">\r\n      <img decoding=\"async\" src=\"https:\/\/www.eccoholiday.com\/fm\/pliki\/lp-jordania\/img\/jordan-white.svg\" alt=\"JORDAN\" class=\"jordan-logo\">\r\n      <h1 class=\"slogan\">Odkryj magi\u0119 Jordanii<\/h1>\r\n      <p>Marzycie o&nbsp;wyj\u0105tkowej przygodzie, kt\u00f3rej niezapomniane chwile i&nbsp;fascynuj\u0105ce miejsca na zawsze\r\n        pozostan\u0105 w&nbsp;waszej pami\u0119ci?<\/p>\r\n      <p>Wybierzcie si\u0119 z&nbsp;nami w niezwyk\u0142\u0105 podr\u00f3\u017c po&nbsp;Jordanii, kraju, kt\u00f3ry urzeka swoj\u0105 histori\u0105, kultur\u0105\r\n        i&nbsp;przepi\u0119knymi krajobrazami. Oto program, kt\u00f3ry zabierze was w&nbsp;podr\u00f3\u017c pe\u0142n\u0105 niespodzianek\r\n        i&nbsp;emocji.<\/p>\r\n    <\/div>\r\n    <div class=\"baner-frame container\">\r\n      <div class=\"baner-frame-pos container\">\r\n\r\n        <a href=\"#trips\" class=\"floating-baner\" data-aos=\"fade-down\" data-aos-duration=\"1000\"\r\n        data-aos-delay=\"1000\">\r\n        <p>Sprawd\u017a nasze wycieczki objazdowe do&nbsp;Jordanii<\/p>\r\n        <div class=\"price\">3699<\/div>\r\n        <i class=\"fa-solid fa-angle-right arrow\"><\/i>\r\n      <\/a>\r\n    <\/div>\r\n\r\n    <\/div>\r\n\r\n  <\/div>\r\n\r\n\r\n\r\n\r\n\r\n\r\n\r\n\r\n  \r\n  \r\n  <section class=\"container-fluid set-color-1\">\r\n    <div class=\"container article article-right-1 \">\r\n\r\n      <img decoding=\"async\" src=\"https:\/\/www.eccoholiday.com\/fm\/pliki\/lp-jordania\/img\/amman7.webp\" class=\"photo\" alt=\"Amman\" data-aos=\"fade-up\" data-aos-duration=\"750\" data-aos-delay=\"200\">\r\n      <img decoding=\"async\" src=\"https:\/\/www.eccoholiday.com\/fm\/pliki\/lp-jordania\/img\/amman1.webp\" class=\"photo\" alt=\"Amman\" data-aos=\"fade-up\" data-aos-duration=\"750\" data-aos-delay=\"400\">\r\n      <img decoding=\"async\" src=\"https:\/\/www.eccoholiday.com\/fm\/pliki\/lp-jordania\/img\/amman6.webp\" class=\"photo\" alt=\"Amman\" data-aos=\"fade-up\" data-aos-duration=\"750\" data-aos-delay=\"600\">\r\n      \r\n      <div class=\"txt-area\">\r\n        <div class=\"txt\" data-aos=\"fade-in\" data-aos-duration=\"2000\" data-aos-delay=\"0\">\r\n          <h2>Dlaczego warto wybra\u0107 wycieczk\u0119 Magia&nbsp;Jordanii?<\/h2>\r\n          <p>W&nbsp;naszej ofercie znajdziesz dwie propozycj\u0119 wyjazdu. Pierwszy program to Magia Jordanii z&nbsp;najwa\u017cniejszymi \r\n            atrakcjami, wypoczynkiem nad Morzem Martwym i&nbsp;Morzem Czerwonym. Drugi program oferuje co\u015b wyj\u0105tkowego, \r\n            czyli magiczn\u0105 noc na pustyni Wadi Rum w&nbsp;oryginalnych namiotach bedui\u0144skich pod rozgwie\u017cd\u017conym niebem.<\/p>\r\n          <p>Nasze propozycje wyjazdowe zachwyc\u0105 Twoje zmys\u0142y. Zaczynamy od serca Jordanii, stolicy Ammanu, gdzie zanurzymy \r\n            si\u0119 w&nbsp;tradycyjnej atmosferze i&nbsp;kulturze miasta.<\/p>\r\n          <\/div>\r\n          <img decoding=\"async\" src=\"https:\/\/www.eccoholiday.com\/fm\/pliki\/lp-jordania\/img\/jordan-white.svg\" alt=\"JORDAN\" class=\"logo\">\r\n      <\/div>\r\n          \r\n    <\/div>\r\n  <\/section>\r\n  \r\n      \r\n<div id=\"trips\"><\/div>\t  \r\n\t  \r\n<h3 style=\"color:#222A52\" data-aos=\"fade-up\" data-aos-duration=\"750\" data-aos-delay=\"0\">Nasze wycieczki objazdowe<\/h3>\r\n\r\n<div class=\"container pb-5\">\r\n \r\n  \r\n  \r\n  <div id=\"petla-1-1\" class=\"offer-block offer-exists\" data-aos=\"fade-up\">\r\n    <div class=\"offer-img\">\r\n      <img decoding=\"async\" src=\"https:\/\/datacfstatic.merlinx.pl\/T640\/ECCO\/IMG\/AMM603\/5d15c198481aaff7c67b8d82c8084bfdb46acec32f08a438eb50957aeec92510.webp\" class=\"img\" alt=\"Magia Jordanii\">\r\n    <\/div>\r\n    <div class=\"offer-details\">\r\n      <div class=\"offer-category stars stars-3\"><\/div>\r\n      <div class=\"offer-name\">Magia Jordanii<\/div>\r\n      <div class=\"offer-route\">Amman - D\u017carasz - Morze Martwe - Petra - Akaba - Wadi Rum - Shobak\/Montreal - Amman<\/div>\r\n      <div class=\"offer-feed\">\u015bniadania i obiadokolacje<\/div>\r\n      <div class=\"offer-length\"><span>8 dni \/ 7 nocy<\/span><\/div>\r\n      <div class=\"offer-departure\"><span>Krak\u00f3w, Pozna\u0144, Warszawa-Modlin<\/span><\/div>\r\n      <div class=\"offer-price-box\">\r\n        <div class=\"offer-price-box__price\"><span>od<\/span> 3699 <span>z\u0142\/os.<\/span><\/div>\r\n        <a href=\"\/op,,-174644?srchExtOfferId[]=MDS&srchExtOfferId[]=pP4lYzbZf6uknr_4LIvXl6AAogL_I4rUKVQjWabLexFit04KzI7QG-0yvNIUlXsbVMTVUqBEVDVDEww9DYzgZI5jlQAVitI2ABcgMCAGMmZQuo\" class=\"offer-price-box__btn\"><span>zobacz oferty<\/span><\/a>\r\n      <\/div>\r\n    <\/div>\r\n  <\/div>\r\n  \r\n  <div id=\"petla-1-2\" class=\"offer-block offer-exists\" data-aos=\"fade-up\">\r\n    <div class=\"offer-img\">\r\n      <img decoding=\"async\" src=\"https:\/\/datacfstatic.merlinx.pl\/T640\/ECCO\/IMG\/AMM606\/4d68c380ec572ae0a98e7280fd3ea9d9c59608b5bf02edf245c3e7ba6876529a.webp\" class=\"img\" alt=\" Jordania - arabska per\u0142a \">\r\n    <\/div>\r\n    <div class=\"offer-details\">\r\n      <div class=\"offer-category stars stars-3\"><\/div>\r\n      <div class=\"offer-name\"> Jordania - arabska per\u0142a <\/div>\r\n      <div class=\"offer-route\">Amman - D\u017carasz - Morze Martwe - Shobak\/Montreal - Petra \u2013 Akaba - Wadi Rum - Madaba - G\u00f3ra Nebo - Amman<\/div>\r\n      <div class=\"offer-feed\">\u015bniadania i obiadokolacje<\/div>\r\n      <div class=\"offer-length\"><span>9 dni \/ 7 nocy<\/span><\/div>\r\n      <div class=\"offer-departure\"><span>Krak\u00f3w, Pozna\u0144, Warszawa-Modlin<\/span><\/div>\r\n      <div class=\"offer-price-box\">\r\n        <div class=\"offer-price-box__price\"><span>od<\/span> 4399 <span>z\u0142\/os.<\/span><\/div>\r\n        <a href=\"\/op,,-204626?srchExtOfferId[]=MDS&srchExtOfferId[]=pBJYY9ry6JuRZEzkYkZVAGAAogo7sk_EjB8yurQTqp_mTXNsL0G7NCm9vXIia5q-Ql8nEqBEVDVDEww9DYzgZI3kRQAVj9ImABcgMCAGOHVi8N\" class=\"offer-price-box__btn\"><span>zobacz oferty<\/span><\/a>\r\n      <\/div>\r\n    <\/div>\r\n  <\/div>\r\n  \r\n  \r\n \r\n \r\n<\/div>\t  \r\n\t  \r\n\t  \r\n\t  \r\n\t  \r\n\t  \r\n\t  \r\n\t  \r\n      \r\n  <h3 style=\"color:#222A52\" data-aos=\"fade-up\" data-aos-duration=\"750\" data-aos-delay=\"0\">Najwa\u017cniejsze atrakcje Jordanii<\/h3>\r\n\r\n\r\n  \r\n  <section class=\"container-fluid set-color-2\">\r\n    <div class=\"container article article-left-1 \">\r\n\r\n      <img decoding=\"async\" src=\"https:\/\/www.eccoholiday.com\/fm\/pliki\/lp-jordania\/img\/amman4.webp\" class=\"photo\" alt=\"Amman\" data-aos=\"fade-up\" data-aos-duration=\"750\" data-aos-delay=\"200\">\r\n      <img decoding=\"async\" src=\"https:\/\/www.eccoholiday.com\/fm\/pliki\/lp-jordania\/img\/amman5.webp\" class=\"photo\" alt=\"Amman\" data-aos=\"fade-up\" data-aos-duration=\"750\" data-aos-delay=\"400\">\r\n      <img decoding=\"async\" src=\"https:\/\/www.eccoholiday.com\/fm\/pliki\/lp-jordania\/img\/amman2.webp\" class=\"photo\" alt=\"Amman\" data-aos=\"fade-up\" data-aos-duration=\"750\" data-aos-delay=\"600\">\r\n      \r\n      <div class=\"txt-area\">\r\n        <div class=\"txt\" data-aos=\"fade-in\" data-aos-duration=\"2000\" data-aos-delay=\"0\">\r\n          \r\n          <h2>Amman<\/h2>\r\n          <p>Stolica Jordanii i&nbsp;niesamowite miasto, w&nbsp;kt\u00f3rym zauwa\u017cy\u0107 mo\u017cna jak historia przeplata si\u0119 z&nbsp;nowoczesno\u015bci\u0105. Po\u0142o\u017cony jest na&nbsp;wzniesieniu, kt\u00f3re uwydatnia okoliczne g\u00f3ry. W&nbsp;Ammanie znajduj\u0105 si\u0119 staro\u017cytne ruiny, stanowiska archeologiczne oraz amfiteatr rzymski. Polecamy wybra\u0107 na&nbsp;tradycyjny bazar, by&nbsp;zakupi\u0107 lokalne r\u0119kodzie\u0142o, spr\u00f3bowa\u0107 s\u0142odkiego serowego ciasta w&nbsp;syropie i&nbsp;oczarowa\u0107 zmys\u0142y intensywn\u0105 woni\u0105 przypraw. W&nbsp;naszych programach proponujemy wycieczk\u0119 fakultatywn\u0105 Amman noc\u0105. <\/p>\r\n        <\/div>\r\n        <img decoding=\"async\" src=\"https:\/\/www.eccoholiday.com\/fm\/pliki\/lp-jordania\/img\/jordan-white.svg\" alt=\"JORDAN\" class=\"logo\">\r\n      <\/div>\r\n          \r\n    <\/div>\r\n  <\/section>\r\n  \r\n\r\n\r\n\r\n  \r\n  <section class=\"container-fluid set-color-0\">\r\n    <div class=\"container article article-right-1 \">\r\n\r\n      <img decoding=\"async\" src=\"https:\/\/www.eccoholiday.com\/fm\/pliki\/lp-jordania\/img\/aquaba1.webp\" class=\"photo\" alt=\"Akaba\" data-aos=\"fade-up\" data-aos-duration=\"750\" data-aos-delay=\"200\">\r\n      <img decoding=\"async\" src=\"https:\/\/www.eccoholiday.com\/fm\/pliki\/lp-jordania\/img\/aquaba3.webp\" class=\"photo\" alt=\"Akaba\" data-aos=\"fade-up\" data-aos-duration=\"750\" data-aos-delay=\"400\">\r\n      <img decoding=\"async\" src=\"https:\/\/www.eccoholiday.com\/fm\/pliki\/lp-jordania\/img\/aquaba2.webp\" class=\"photo\" alt=\"Akaba\" data-aos=\"fade-up\" data-aos-duration=\"750\" data-aos-delay=\"600\">\r\n      \r\n      <div class=\"txt-area\">\r\n        <div class=\"txt\" data-aos=\"fade-in\" data-aos-duration=\"2000\" data-aos-delay=\"0\">\r\n          \r\n          <h2>Akaba<\/h2>\r\n          <p>Fascynuj\u0105ce miasto po\u0142o\u017cone na po\u0142udniu kraju nad Morzem Czerwonym. Akaba s\u0142ynie z&nbsp;pi\u0119knych pla\u017c i&nbsp;\u015bwietnych miejsc do nurkowania. W&nbsp;tym raju dla mi\u0142o\u015bnik\u00f3w podwodnych przyg\u00f3d w&nbsp;okolicznych rafach koralowych skrywa si\u0119 bogactwo morskich gatunk\u00f3w. Jednym z&nbsp;najwa\u017cniejszych zabytk\u00f3w jest Fort Akaba. W&nbsp;naszych programach zaplanowali\u015bmy wypoczynek nad morzem i&nbsp;wycieczk\u0119 na pustyni\u0119 Wadi&nbsp;Rum.\r\n          <\/p>\r\n          <\/div>\r\n          <img decoding=\"async\" src=\"https:\/\/www.eccoholiday.com\/fm\/pliki\/lp-jordania\/img\/jordan-black.svg\" alt=\"JORDAN\" class=\"logo\">\r\n      <\/div>\r\n          \r\n    <\/div>\r\n  <\/section>\r\n  \r\n\r\n\r\n  \r\n  <section class=\"container-fluid set-color-3\">\r\n    <div class=\"container article article-left-1 \">\r\n\r\n      <img decoding=\"async\" src=\"https:\/\/www.eccoholiday.com\/fm\/pliki\/lp-jordania\/img\/deadsea4.webp\" class=\"photo\" alt=\"Morze Martwe\" data-aos=\"fade-up\" data-aos-duration=\"750\" data-aos-delay=\"200\">\r\n      <img decoding=\"async\" src=\"https:\/\/www.eccoholiday.com\/fm\/pliki\/lp-jordania\/img\/deadsea2.webp\" class=\"photo\" alt=\"Morze Martwe\" data-aos=\"fade-up\" data-aos-duration=\"750\" data-aos-delay=\"400\">\r\n      <img decoding=\"async\" src=\"https:\/\/www.eccoholiday.com\/fm\/pliki\/lp-jordania\/img\/deadsea5.webp\" class=\"photo\" alt=\"Morze Martwe\" data-aos=\"fade-up\" data-aos-duration=\"750\" data-aos-delay=\"600\">\r\n      \r\n      <div class=\"txt-area\">\r\n        <div class=\"txt\" data-aos=\"fade-in\" data-aos-duration=\"2000\" data-aos-delay=\"0\">\r\n          \r\n          <h2>Morze Martwe<\/h2>\r\n          <p>Jedno z&nbsp;najbardziej niezwyk\u0142ych miejsc na ziemi. To Morze, a&nbsp;w\u0142a\u015bciwie najbardziej s\u0142one jezioro po\u0142o\u017cone jest 430 metr\u00f3w poni\u017cej poziomu morza. Jest to najwi\u0119ksze naturalne SPA. Lecznicze w\u0142a\u015bciwo\u015bci wody i&nbsp;b\u0142ota doceniane s\u0105 na ca\u0142ym \u015bwiecie. K\u0105piel w&nbsp;s\u0142onych wodach to niesamowite prze\u017cycie, podczas, kt\u00f3rego zasady grawitacji nie maj\u0105 zastosowania, a&nbsp;cz\u0142owiek po prostu unosi si\u0119 b\u0142ogo na tafli. Malownicze otoczenie Morza Martwego obejmuje spektakularne g\u00f3ry i&nbsp;pustynne krajobrazy.<\/p>\r\n        <\/div>\r\n        <img decoding=\"async\" src=\"https:\/\/www.eccoholiday.com\/fm\/pliki\/lp-jordania\/img\/jordan-white.svg\" alt=\"JORDAN\" class=\"logo\">\r\n      <\/div>\r\n          \r\n    <\/div>\r\n  <\/section>\r\n  \r\n\r\n\r\n  \r\n  <section class=\"container-fluid set-color-0\">\r\n    <div class=\"container article article-right-1 \">\r\n\r\n      <img decoding=\"async\" src=\"https:\/\/www.eccoholiday.com\/fm\/pliki\/lp-jordania\/img\/dzarasz1.webp\" class=\"photo\" alt=\"D\u017carasz\" data-aos=\"fade-up\" data-aos-duration=\"750\" data-aos-delay=\"200\">\r\n      <img decoding=\"async\" src=\"https:\/\/www.eccoholiday.com\/fm\/pliki\/lp-jordania\/img\/dzarasz2.webp\" class=\"photo\" alt=\"D\u017carasz\" data-aos=\"fade-up\" data-aos-duration=\"750\" data-aos-delay=\"400\">\r\n      <img decoding=\"async\" src=\"https:\/\/www.eccoholiday.com\/fm\/pliki\/lp-jordania\/img\/dzarasz3.webp\" class=\"photo\" alt=\"D\u017carasz\" data-aos=\"fade-up\" data-aos-duration=\"750\" data-aos-delay=\"600\">\r\n      \r\n      <div class=\"txt-area\">\r\n        <div class=\"txt\" data-aos=\"fade-in\" data-aos-duration=\"2000\" data-aos-delay=\"0\">\r\n          \r\n          <h2>D\u017carasz<\/h2>\r\n          <p>Miasto po\u0142o\u017cone w&nbsp;p\u00f3\u0142nocnej cz\u0119\u015bci Jordanii, ok.&nbsp;50 kilometr\u00f3w od Ammanu. Znajduj\u0105 si\u0119 tu najlepiej zachowane ruiny rzymskiego miasta, kt\u00f3re odkryto dopiero na pocz\u0105tku XIX wieku. Zobaczy\u0107 mo\u017cna mi\u0119dzy innymi: \u0141uk Hadriana, Bram\u0119 Po\u0142udniow\u0105, Hipodrom, Forum otoczone jo\u0144skimi kolumnami, \u015awi\u0105tyni\u0119 Zeusa, Teatr Po\u0142udniowy, Nimfeum, \u015awi\u0105tyni\u0119 Artemidy &#8211; to tylko niekt\u00f3re najlepiej zachowane cz\u0119\u015bci miasta. Jest to wyj\u0105tkowe miejsca dla mi\u0142o\u015bnik\u00f3w historii i&nbsp;staro\u017cytnej architektury. \r\n          <\/p>\r\n          <\/div>\r\n          <img decoding=\"async\" src=\"https:\/\/www.eccoholiday.com\/fm\/pliki\/lp-jordania\/img\/jordan-black.svg\" alt=\"JORDAN\" class=\"logo\">\r\n      <\/div>\r\n          \r\n    <\/div>\r\n  <\/section>\r\n  \r\n\r\n\r\n  \r\n  <section class=\"container-fluid set-color-1\">\r\n    <div class=\"container article article-left-1 \">\r\n\r\n      <img decoding=\"async\" src=\"https:\/\/www.eccoholiday.com\/fm\/pliki\/lp-jordania\/img\/petra1.webp\" class=\"photo\" alt=\"Petra\" data-aos=\"fade-up\" data-aos-duration=\"750\" data-aos-delay=\"200\">\r\n      <img decoding=\"async\" src=\"https:\/\/www.eccoholiday.com\/fm\/pliki\/lp-jordania\/img\/petra2.webp\" class=\"photo\" alt=\"Petra\" data-aos=\"fade-up\" data-aos-duration=\"750\" data-aos-delay=\"400\">\r\n      <img decoding=\"async\" src=\"https:\/\/www.eccoholiday.com\/fm\/pliki\/lp-jordania\/img\/petra3.webp\" class=\"photo\" alt=\"Petra\" data-aos=\"fade-up\" data-aos-duration=\"750\" data-aos-delay=\"600\">\r\n      \r\n      <div class=\"txt-area\">\r\n        <div class=\"txt\" data-aos=\"fade-in\" data-aos-duration=\"2000\" data-aos-delay=\"0\">\r\n          \r\n          <h2>Petra<\/h2>\r\n          <p>Petra (oznacza \u201cska\u0142a\u201d) to miejsce o&nbsp;ogromnym znaczeniu kulturowym i&nbsp;historycznym, co&nbsp;zosta\u0142o docenione przez UNESCO na Li\u015bcie \u015awiatowego Dziedzictwa. Nazywana r\u00f3wnie\u017c R\u00f3\u017cowo-Czerwonym Miastem przez kolor piaskowca, jest te\u017c jednym z&nbsp;siedmiu cud\u00f3w \u015bwiata. Petra niegdy\u015b stolica kr\u00f3lestwa Nabatejczyk\u00f3w, kt\u00f3rzy byli pustynnymi koczownikami. Spacer w\u0105skimi w\u0105wozami i&nbsp;drogami w\u015br\u00f3d ska\u0142 to prawdziwa przygoda. Petra by\u0142a planem zdj\u0119ciowym dla wielu znanych film\u00f3w, co dodaje jej niepowtarzalnego uroku. Mo\u017cesz poczu\u0107 si\u0119 jak Indiana Jones, odkrywaj\u0105c te tajemnicze zakamarki.<\/p>\r\n        <\/div>\r\n        <img decoding=\"async\" src=\"https:\/\/www.eccoholiday.com\/fm\/pliki\/lp-jordania\/img\/jordan-white.svg\" alt=\"JORDAN\" class=\"logo\">\r\n      <\/div>\r\n          \r\n    <\/div>\r\n  <\/section>\r\n  \r\n\r\n    \r\n    <section class=\"container-fluid set-color-6\">\r\n      <div class=\"container article article-right-1 \">\r\n  \r\n        <img decoding=\"async\" src=\"https:\/\/www.eccoholiday.com\/fm\/pliki\/lp-jordania\/img\/wadirum1.webp\" class=\"photo\" alt=\"Wadi Rum\" data-aos=\"fade-up\" data-aos-duration=\"750\" data-aos-delay=\"200\">\r\n        <img decoding=\"async\" src=\"https:\/\/www.eccoholiday.com\/fm\/pliki\/lp-jordania\/img\/wadirum2.webp\" class=\"photo\" alt=\"Wadi Rum\" data-aos=\"fade-up\" data-aos-duration=\"750\" data-aos-delay=\"400\">\r\n        <img decoding=\"async\" src=\"https:\/\/www.eccoholiday.com\/fm\/pliki\/lp-jordania\/img\/wadirum3.webp\" class=\"photo\" alt=\"Wadi Rum\" data-aos=\"fade-up\" data-aos-duration=\"750\" data-aos-delay=\"600\">\r\n        \r\n        <div class=\"txt-area\">\r\n          <div class=\"txt\" data-aos=\"fade-in\" data-aos-duration=\"2000\" data-aos-delay=\"0\">\r\n            \r\n            <h2>Wadi Rum<\/h2>\r\n            <p>Niezwyk\u0142a pustynna kraina zwana r\u00f3wnie\u017c \u201cDolin\u0105 Ksi\u0119\u017cycow\u0105\u201d. To nie tylko znana pustynna atrakcja, ale te\u017c gwiazda filmowa &#8211; pustynia Wadi Rum wyst\u0119powa\u0142a jako marsja\u0144ska planeta w wielu Hollywoodzkich produkcjach i&nbsp;nie tylko tak\u0105 mia\u0142a rol\u0119. Czerwon\u0105 pustyni\u0119 mo\u017cna zobaczy\u0107 w takich filmach jak: <i>Diuna, John&nbsp;Wick&nbsp;4, Marsjanin, Czerwona Planeta, Prometeusz, \u0141otr&nbsp;1.<\/i> Podczas naszych wyjazd\u00f3w proponujemy wycieczk\u0119 na pustyni\u0119 z ekscytuj\u0105cym jeep safari! W&nbsp;programie Jordania i&nbsp;Magiczna Noc na Pustyni sp\u0119dzisz noc pod gwiazdami w&nbsp;namiocie bedui\u0144skim.<\/p>\r\n            <\/div>\r\n            <img decoding=\"async\" src=\"https:\/\/www.eccoholiday.com\/fm\/pliki\/lp-jordania\/img\/jordan-black.svg\" alt=\"JORDAN\" class=\"logo\">\r\n        <\/div>\r\n            \r\n      <\/div>\r\n    <\/section>\r\n    \r\n\r\n\r\n\r\n\r\n<\/div>\r\n\r\n\r\n  \r\n\r\n  <script src=\"https:\/\/www.eccoholiday.com\/fm\/pliki\/aos\/aos.js\"><\/script>\r\n\r\n  <script>\r\n    AOS.init();\r\n  <\/script>\r\n\r\n\r\n\r\n\r\n\r\n","protected":false},"excerpt":{"rendered":"Odkryj magi\u0119 Jordanii Marzycie o&nbsp;wyj\u0105tkowej przygodzie, kt\u00f3rej niezapomniane chwile i&nbsp;fascynuj\u0105ce miejsca na zawsze pozostan\u0105 w&nbsp;waszej pami\u0119ci? Wybierzcie si\u0119 z&nbsp;nami w niezwyk\u0142\u0105 podr\u00f3\u017c po&nbsp;Jordanii, kraju, kt\u00f3ry urzeka swoj\u0105 histori\u0105, kultur\u0105 i&nbsp;przepi\u0119knymi krajobrazami. Oto program, kt\u00f3ry zabierze was w&nbsp;podr\u00f3\u017c pe\u0142n\u0105 niespodzianek i&nbsp;emocji. Sprawd\u017a nasze wycieczki objazdowe do&nbsp;Jordanii 3699 Dlaczego warto wybra\u0107 wycieczk\u0119 Magia&nbsp;Jordanii? W&nbsp;naszej ofercie znajdziesz dwie [&hellip;]","protected":false},"author":4,"featured_media":0,"parent":0,"menu_order":0,"comment_status":"closed","ping_status":"closed","template":"","meta":{"_acf_changed":false,"footnotes":""},"wf_page_folders":[5],"class_list":["post-7756","page","type-page","status-publish","hentry"],"acf":[],"_links":{"self":[{"href":"https:\/\/www.eccotravel.eu\/p\/wp-json\/wp\/v2\/pages\/7756","targetHints":{"allow":["GET"]}}],"collection":[{"href":"https:\/\/www.eccotravel.eu\/p\/wp-json\/wp\/v2\/pages"}],"about":[{"href":"https:\/\/www.eccotravel.eu\/p\/wp-json\/wp\/v2\/types\/page"}],"author":[{"embeddable":true,"href":"https:\/\/www.eccotravel.eu\/p\/wp-json\/wp\/v2\/users\/4"}],"replies":[{"embeddable":true,"href":"https:\/\/www.eccotravel.eu\/p\/wp-json\/wp\/v2\/comments?post=7756"}],"version-history":[{"count":20,"href":"https:\/\/www.eccotravel.eu\/p\/wp-json\/wp\/v2\/pages\/7756\/revisions"}],"predecessor-version":[{"id":7802,"href":"https:\/\/www.eccotravel.eu\/p\/wp-json\/wp\/v2\/pages\/7756\/revisions\/7802"}],"wp:attachment":[{"href":"https:\/\/www.eccotravel.eu\/p\/wp-json\/wp\/v2\/media?parent=7756"}],"wp:term":[{"taxonomy":"wf_page_folders","embeddable":true,"href":"https:\/\/www.eccotravel.eu\/p\/wp-json\/wp\/v2\/wf_page_folders?post=7756"}],"curies":[{"name":"wp","href":"https:\/\/api.w.org\/{rel}","templated":true}]}}