{"id":8975,"date":"2024-10-22T14:52:26","date_gmt":"2024-10-22T12:52:26","guid":{"rendered":"https:\/\/www.eccoholiday.com\/p?page_id=8975"},"modified":"2024-10-22T15:10:34","modified_gmt":"2024-10-22T13:10:34","slug":"egzotyczne-plaze","status":"publish","type":"page","link":"https:\/\/www.eccotravel.eu\/p\/egzotyczne-plaze","title":{"rendered":"Egzotyczne pla\u017ce"},"content":{"rendered":"\r\n\r\n\r\n\r\n\r\n\r\n\r\n\r\n\r\n\r\n\r\n\r\n\r\n   \r\n    \r\n    \r\n\r\n\r\n        \r\n    \r\n    <script src=\"https:\/\/www.eccoholiday.com\/fm\/pliki\/lp-egzotyczne-plaze\/js\/isotope-docs.min.js\"><\/script>\r\n    <link rel=\"stylesheet\" href=\"https:\/\/www.eccoholiday.com\/fm\/pliki\/web_img\/kierunki-box-webp.css?ts=1776745956\">\r\n    <link rel=\"stylesheet\" href=\"https:\/\/www.eccoholiday.com\/fm\/pliki\/lp-egzotyczne-plaze\/style.min.css?ts=1776745956\">\r\n\r\n\r\n    <div class=\"container-fluid lp-new\">\r\n\r\n        <div class=\"lp-top\">\r\n            <h1 class=\"lp-title-1\">Egzotyczne pla\u017ce<\/h1>\r\n            <h2 class=\"lp-title-2\">Rajskie s\u0142o\u0144ce, turkusowe fale &#8211; odpocznij tam, gdzie marzenia staj\u0105 si\u0119 rzeczywisto\u015bci\u0105!<\/h2>\r\n            <div class=\"lp-line\"><\/div>\r\n            <h3 class=\"lp-title-3\">Zanurz si\u0119 w&nbsp;rajskim \u015bwiecie egzotycznej pla\u017cy, gdzie z\u0142oty piasek, turkusowe fale i&nbsp;koj\u0105cy szum oceanu pozwol\u0105 Ci&nbsp;ca\u0142kowicie si\u0119 odpr\u0119\u017cy\u0107 i&nbsp;zapomnie\u0107 o&nbsp;codzienno\u015bci.<\/h3>\r\n        <\/div>\r\n        <div class=\"container lp-top-2\">\r\n            <p>Jak powiedzia\u0142 Jacques Cousteau:<\/p>\r\n            <p class=\"lp-quote\">\r\n                <i class=\"fas fa-quote-left fa-xs text-akcent\"><\/i>\r\n                Morze, gdy raz rzuci sw\u00f3j czar, trzyma&nbsp;cz\u0142owieka w&nbsp;swojej sieci cud\u00f3w na&nbsp;zawsze\r\n                <i class=\"fas fa-quote-right fa-xs text-akcent\"><\/i>\r\n            <\/p>\r\n            <div class=\"lp-line\"><\/div>\r\n            <p>Spe\u0142niaj z&nbsp;nami marzenia o&nbsp;egzotycznym wypoczynku na&nbsp;bia\u0142ym, mi\u0119kkim piasku, gdzie ka\u017cdy krok przenosi Ci\u0119 bli\u017cej upragnionego relaksu. Nasza oferta obejmuje starannie wyselekcjonowane hotele, kt\u00f3re zapewni\u0105 Ci nie&nbsp;tylko komfort, ale i&nbsp;luksus, kt\u00f3ry sprawi, \u017ce&nbsp;Tw\u00f3j urlop stanie si\u0119 niezapomnianym prze\u017cyciem. Wyobra\u017a sobie turkusowe wody rozci\u0105gaj\u0105ce si\u0119 po&nbsp;horyzont, delikatny szum fal, kt\u00f3re przynosz\u0105 spok\u00f3j i&nbsp;harmoni\u0119. Ka\u017cdy dzie\u0144 to&nbsp;nowa przygoda pe\u0142na b\u0142ogiego lenistwa lub&nbsp;odkrywania fascynuj\u0105cych zak\u0105tk\u00f3w \u015bwiata. \r\n            <\/p>\r\n        <\/div>\r\n        <hr class=\"mb-5\">\r\n\r\n        \r\n        <div class=\"container sorters\">\r\n            <span class=\"sorters__txt\">Sortuj wg:<\/span>\r\n\r\n\r\n            \r\n            <div class=\"button-group\">\r\n                \r\n                <button class=\"button is-checked\" data-sort-by=\"price\" data-sort-direction=\"asc\" type=\"button\">cena <i\r\n                        class=\"fas fa-chevron-down\"><\/i><\/button>\r\n                <button class=\"button\" data-sort-by=\"destination\" data-sort-direction=\"asc\" type=\"button\">nazwa kierunku\r\n                    <i class=\"fas fa-chevron-down\"><\/i><\/button>\r\n            <\/div>\r\n            \r\n        <\/div>\r\n\r\n\r\n\r\n        \r\n     \r\n\t <div class=\"container isotope-grid price-1\">\r\n\r\n\r\n\r\n        \r\n        \r\n        <a href=\"\" id=\"udds.1\" class=\"element-item   offer-not-exists\" target=\"_blank\" rel=\"noopener\">\r\n            <div class=\"destination\"><\/div>\r\n            <div class=\"price\"><\/div>\r\n        <\/a>\r\n        \r\n        <a href=\"\" id=\"udds.2\" class=\"element-item   offer-not-exists\" target=\"_blank\" rel=\"noopener\">\r\n            <div class=\"destination\"><\/div>\r\n            <div class=\"price\"><\/div>\r\n        <\/a>\r\n        \r\n        <a href=\"\/l,Jamajka,,,,,,,,,,,,,,hotel\" id=\"udds.3\" class=\"element-item jamajka-1 bg-50 offer-exists\" target=\"_blank\" rel=\"noopener\">\r\n            <div class=\"destination\">Jamajka<\/div>\r\n            <div class=\"price\">8\u00a0116<\/div>\r\n        <\/a>\r\n        \r\n        <a href=\"\" id=\"udds.4\" class=\"element-item   offer-not-exists\" target=\"_blank\" rel=\"noopener\">\r\n            <div class=\"destination\"><\/div>\r\n            <div class=\"price\"><\/div>\r\n        <\/a>\r\n        \r\n        <a href=\"\" id=\"udds.5\" class=\"element-item   offer-not-exists\" target=\"_blank\" rel=\"noopener\">\r\n            <div class=\"destination\"><\/div>\r\n            <div class=\"price\"><\/div>\r\n        <\/a>\r\n        \r\n        <a href=\"\" id=\"udds.6\" class=\"element-item   offer-not-exists\" target=\"_blank\" rel=\"noopener\">\r\n            <div class=\"destination\"><\/div>\r\n            <div class=\"price\"><\/div>\r\n        <\/a>\r\n        \r\n        <a href=\"\/l,Mauritius,,,,,,,,,,,,,,hotel\" id=\"udds.7\" class=\"element-item mauritius-3 bg-50 offer-exists\" target=\"_blank\" rel=\"noopener\">\r\n            <div class=\"destination\">Mauritius<\/div>\r\n            <div class=\"price\">6\u00a0510<\/div>\r\n        <\/a>\r\n        \r\n        <a href=\"\" id=\"udds.8\" class=\"element-item   offer-not-exists\" target=\"_blank\" rel=\"noopener\">\r\n            <div class=\"destination\"><\/div>\r\n            <div class=\"price\"><\/div>\r\n        <\/a>\r\n        \r\n        <a href=\"\" id=\"udds.9\" class=\"element-item   offer-not-exists\" target=\"_blank\" rel=\"noopener\">\r\n            <div class=\"destination\"><\/div>\r\n            <div class=\"price\"><\/div>\r\n        <\/a>\r\n        \r\n        <a href=\"\" id=\"udds.10\" class=\"element-item   offer-not-exists\" target=\"_blank\" rel=\"noopener\">\r\n            <div class=\"destination\"><\/div>\r\n            <div class=\"price\"><\/div>\r\n        <\/a>\r\n        \r\n        <a href=\"\" id=\"udds.11\" class=\"element-item   offer-not-exists\" target=\"_blank\" rel=\"noopener\">\r\n            <div class=\"destination\"><\/div>\r\n            <div class=\"price\"><\/div>\r\n        <\/a>\r\n        \r\n        <a href=\"\" id=\"udds.12\" class=\"element-item   offer-not-exists\" target=\"_blank\" rel=\"noopener\">\r\n            <div class=\"destination\"><\/div>\r\n            <div class=\"price\"><\/div>\r\n        <\/a>\r\n        \r\n        <a href=\"\" id=\"udds.13\" class=\"element-item   offer-not-exists\" target=\"_blank\" rel=\"noopener\">\r\n            <div class=\"destination\"><\/div>\r\n            <div class=\"price\"><\/div>\r\n        <\/a>\r\n        \r\n        \r\n        \r\n         \r\n\r\n        <\/div>\r\n\r\n        <div class=\"more-offers container\">\r\n            <p>Sprawd\u017a tak\u017ce nasz\u0105 ofert\u0119 na:<\/p>\r\n            <div class=\"more-offers__btns container\">\r\n                \r\n                <a href=\"https:\/\/www.eccotravel.eu\/p\/wycieczki-objazdowe\" class=\"more-offers__btn\">Wycieczki objazdowe<\/a>\r\n            <\/div>\r\n        <\/div>\r\n\r\n        <div class=\"container\">\r\n\r\n            <div class=\"txt-1000\">\r\n                <hr>\r\n                <h3>Zarezerwuj urlop na jednej z&nbsp;egzotycznych pla\u017c!<\/h3>\r\n                <p>Planuj\u0105c egzotyczne wakacje, wiele os\u00f3b marzy o&nbsp;wizycie na rajskich pla\u017cach rozsianych po&nbsp;ca\u0142ym \u015bwiecie. W&nbsp;takich miejscach jak Seszele, Mauritius, Jamajka, Floryda, czy Malediwy, podr\u00f3\u017cni mog\u0105 do\u015bwiadczy\u0107 niepowtarzalnej harmonii natury, spokoju i&nbsp;luksusu, a&nbsp;tak\u017ce poczu\u0107 smak prawdziwego raju. Je\u015bli szukasz idealnego miejsca na odpoczynek w&nbsp;blasku s\u0142o\u0144ca, egzotyczne pla\u017ce z&nbsp;pewno\u015bci\u0105 spe\u0142ni\u0105 Twoje oczekiwania.<\/p>\r\n                <hr>\r\n                <h3>Dlaczego warto wybra\u0107 egzotyczne pla\u017ce?<\/h3>\r\n                <p>Egzotyczne pla\u017ce to nie tylko miejsce na wypoczynek, ale tak\u017ce okazja do odkrywania nowych kultur, smak\u00f3w i&nbsp;niesamowitej przyrody. Niezale\u017cnie od tego, czy marzysz o&nbsp;tropikalnej wyspie na Oceanie Indyjskim, czy o&nbsp;wizycie na Karaibach, egzotyczne kierunki oferuj\u0105 co\u015b dla&nbsp;ka\u017cdego. Od romantycznych spacer\u00f3w po&nbsp;pla\u017cy, przez ekscytuj\u0105ce przygody na safari, po&nbsp;odkrywanie podwodnych tajemnic raf koralowych &#8211; egzotyczne wakacje to gwarancja niezapomnianych prze\u017cy\u0107.<\/p>\r\n                <hr>\r\n                <h3>Polecane kierunki na egzotyczne wakacje.<\/h3>\r\n                <p>Ka\u017cdy wyb\u00f3r na egzotyczne wakacje to strza\u0142 w&nbsp;dziesi\u0105tk\u0119, ale je\u015bli zastanawiasz si\u0119, kt\u00f3re miejsca s\u0105 szczeg\u00f3lnie warte uwagi, polecamy kilka wyj\u0105tkowych kierunk\u00f3w. Sri&nbsp;Lanka to raj dla&nbsp;mi\u0142o\u015bnik\u00f3w przyrody, gdzie malownicze pla\u017ce \u0142\u0105cz\u0105 si\u0119 z&nbsp;fascynuj\u0105cymi \u015bwi\u0105tyniami i&nbsp;dzikimi parkami narodowymi. Malediwy kusz\u0105 nie tylko bia\u0142ym piaskiem i&nbsp;turkusow\u0105 wod\u0105, ale r\u00f3wnie\u017c luksusowymi resortami, kt\u00f3re oferuj\u0105 niezapomniane chwile relaksu. Mauritius zachwyca r\u00f3\u017cnorodno\u015bci\u0105 kulturow\u0105 i&nbsp;przepi\u0119knymi krajobrazami, natomiast Kuba urzeka swoim klimatem i&nbsp;niezwyk\u0142\u0105 histori\u0105. W&nbsp;Stanach Zjednoczonych Floryda zapewnia nieko\u0144cz\u0105ce si\u0119 pla\u017ce i&nbsp;rozrywkowe atrakcje, a&nbsp;Meksyk kusi egzotyczn\u0105 kuchni\u0105 i&nbsp;bogat\u0105 kultur\u0105. Te&nbsp;kierunki z&nbsp;pewno\u015bci\u0105 spe\u0142ni\u0105 Twoje marzenia o&nbsp;egzotycznym wypoczynku!<\/p>\r\n                <hr>\r\n             <\/div>\r\n\r\n\r\n\r\n            <div class=\"newsletter-footer\">\r\n                <img decoding=\"async\" src=\"https:\/\/www.eccoholiday.com\/fm\/pliki\/lp-deluxe\/img\/bell-eh.svg\" alt=\"Newsletter\">\r\n                <p>Zam\u00f3w przypomnienie o&nbsp;naszych&nbsp;promocjach<\/p>\r\n                <a href=\"\/index.php?module=dialogs&#038;dialogsTemplate=newsletter\/add&#038;extParams=\" class=\"lp-button--newsletter\">Zapisz si\u0119 na nasz newsletter<\/a>\r\n            <\/div>\r\n        \r\n        <\/div>\r\n    <\/div>\r\n\r\n\r\n    \r\n    <script src=\"https:\/\/www.eccoholiday.com\/fm\/pliki\/lp-wycieczki-objazdowe\/js\/isotope.js?ts=1776745956\"><\/script>\r\n    <script src=\"https:\/\/www.eccoholiday.com\/p\/wp-content\/themes\/ecco\/assets\/js\/bootstrap.min.js?ts=1776745956\"><\/script>\r\n\r\n","protected":false},"excerpt":{"rendered":"Egzotyczne pla\u017ce Rajskie s\u0142o\u0144ce, turkusowe fale &#8211; odpocznij tam, gdzie marzenia staj\u0105 si\u0119 rzeczywisto\u015bci\u0105! Zanurz si\u0119 w&nbsp;rajskim \u015bwiecie egzotycznej pla\u017cy, gdzie z\u0142oty piasek, turkusowe fale i&nbsp;koj\u0105cy szum oceanu pozwol\u0105 Ci&nbsp;ca\u0142kowicie si\u0119 odpr\u0119\u017cy\u0107 i&nbsp;zapomnie\u0107 o&nbsp;codzienno\u015bci. Jak powiedzia\u0142 Jacques Cousteau: Morze, gdy raz rzuci sw\u00f3j czar, trzyma&nbsp;cz\u0142owieka w&nbsp;swojej sieci cud\u00f3w na&nbsp;zawsze Spe\u0142niaj z&nbsp;nami marzenia o&nbsp;egzotycznym wypoczynku na&nbsp;bia\u0142ym, [&hellip;]","protected":false},"author":4,"featured_media":0,"parent":0,"menu_order":0,"comment_status":"closed","ping_status":"closed","template":"","meta":{"_acf_changed":false,"footnotes":""},"wf_page_folders":[5],"class_list":["post-8975","page","type-page","status-publish","hentry"],"acf":[],"_links":{"self":[{"href":"https:\/\/www.eccotravel.eu\/p\/wp-json\/wp\/v2\/pages\/8975","targetHints":{"allow":["GET"]}}],"collection":[{"href":"https:\/\/www.eccotravel.eu\/p\/wp-json\/wp\/v2\/pages"}],"about":[{"href":"https:\/\/www.eccotravel.eu\/p\/wp-json\/wp\/v2\/types\/page"}],"author":[{"embeddable":true,"href":"https:\/\/www.eccotravel.eu\/p\/wp-json\/wp\/v2\/users\/4"}],"replies":[{"embeddable":true,"href":"https:\/\/www.eccotravel.eu\/p\/wp-json\/wp\/v2\/comments?post=8975"}],"version-history":[{"count":5,"href":"https:\/\/www.eccotravel.eu\/p\/wp-json\/wp\/v2\/pages\/8975\/revisions"}],"predecessor-version":[{"id":8990,"href":"https:\/\/www.eccotravel.eu\/p\/wp-json\/wp\/v2\/pages\/8975\/revisions\/8990"}],"wp:attachment":[{"href":"https:\/\/www.eccotravel.eu\/p\/wp-json\/wp\/v2\/media?parent=8975"}],"wp:term":[{"taxonomy":"wf_page_folders","embeddable":true,"href":"https:\/\/www.eccotravel.eu\/p\/wp-json\/wp\/v2\/wf_page_folders?post=8975"}],"curies":[{"name":"wp","href":"https:\/\/api.w.org\/{rel}","templated":true}]}}